{"id":28554,"date":"2024-03-05T14:32:48","date_gmt":"2024-03-05T14:32:48","guid":{"rendered":"https:\/\/all-container.com\/standort-sicherheit-organisation-und-logistik\/"},"modified":"2025-06-23T16:49:52","modified_gmt":"2025-06-23T16:49:52","slug":"standort-sicherheit-organisation-und-logistik","status":"publish","type":"page","link":"https:\/\/all-container.com\/de\/standort-sicherheit-organisation-und-logistik\/","title":{"rendered":"Standort, Sicherheit, Organisation und Logistik"},"content":{"rendered":"<p>[et_pb_section fb_built=&#8220;1&#8243; _builder_version=&#8220;4.25.0&#8243; _module_preset=&#8220;default&#8220; background_color=&#8220;#E09900&#8243; use_background_color_gradient=&#8220;on&#8220; background_color_gradient_stops=&#8220;rgba(10,1,2,0.35) 2%|rgba(10,0,1,0.24) 100%&#8220; background_color_gradient_overlays_image=&#8220;on&#8220; background_image=&#8220;https:\/\/all-container.com\/wp-content\/uploads\/2024\/03\/IMAG2885-scaled.jpg&#8220; background_blend=&#8220;darken&#8220; min_height=&#8220;460px&#8220; custom_padding=&#8220;81px||120px|||&#8220; global_colors_info=&#8220;{}&#8220;][et_pb_row _builder_version=&#8220;4.24.2&#8243; _module_preset=&#8220;default&#8220; custom_padding=&#8220;1px||2px|||&#8220; global_colors_info=&#8220;{}&#8220;][et_pb_column type=&#8220;4_4&#8243; _builder_version=&#8220;4.24.2&#8243; _module_preset=&#8220;default&#8220; global_colors_info=&#8220;{}&#8220;][et_pb_heading title=&#8220;@ET-DC@eyJkeW5hbWljIjp0cnVlLCJjb250ZW50IjoicG9zdF90aXRsZSIsInNldHRpbmdzIjp7ImJlZm9yZSI6IiIsImFmdGVyIjoiIiwiZW5hYmxlX2h0bWwiOiJvZmYifX0=@&#8220; _builder_version=&#8220;4.25.0&#8243; _dynamic_attributes=&#8220;title&#8220; _module_preset=&#8220;default&#8220; title_font=&#8220;|700|||||||&#8220; title_text_align=&#8220;left&#8220; title_text_color=&#8220;#FFFFFF&#8220; title_font_size=&#8220;42px&#8220; custom_margin=&#8220;||-1px|||&#8220; custom_padding=&#8220;17px|||||&#8220; title_text_shadow_style=&#8220;preset1&#8243; global_colors_info=&#8220;{}&#8220;][\/et_pb_heading][et_pb_divider color=&#8220;#FFFFFF&#8220; _builder_version=&#8220;4.25.0&#8243; _module_preset=&#8220;default&#8220; custom_margin=&#8220;10px||8px|||&#8220; global_colors_info=&#8220;{}&#8220;][\/et_pb_divider][et_pb_text _builder_version=&#8220;4.25.0&#8243; _module_preset=&#8220;default&#8220; text_font=&#8220;|600|||||||&#8220; text_text_color=&#8220;#FFFFFF&#8220; text_font_size=&#8220;18px&#8220; text_line_height=&#8220;1.5em&#8220; width=&#8220;100%&#8220; max_width=&#8220;600px&#8220; hover_enabled=&#8220;0&#8243; text_text_shadow_style=&#8220;preset1&#8243; global_colors_info=&#8220;{}&#8220; sticky_enabled=&#8220;0&#8243;]<\/p>\n<p>All-Container bietet mehr als nur Rauml\u00f6sungen \u2013 wir liefern komplette Baustelleninfrastruktur, um Sicherheit, Effizienz und einen reibungslosen Ablauf zu gew\u00e4hrleisten.<\/p>\n<p><strong>Umfassende Leistungen f\u00fcr Ihre Baustelle<\/strong><br \/>Individuell skalierbare L\u00f6sungen f\u00fcr jede Projektgr\u00f6\u00dfe, inklusive:<\/p>\n<ul>\n<li>Baustellenz\u00e4une &amp; Zugangskontrolle<\/li>\n<li>Ger\u00fcste &amp; Hebetechnik<\/li>\n<li>Abfallcontainer<\/li>\n<li>Stromverteiler &amp; Schalttafeln<\/li>\n<\/ul>\n<p>Mit Fokus auf Sicherheit, Logistik und unterbrechungsfreie Stromversorgung \u2013 unterst\u00fctzt durch moderne, zuverl\u00e4ssige Technologien \u2013 sorgen wir f\u00fcr Struktur auf Ihrer Baustelle ab dem ersten Tag.<\/p>\n<p>[\/et_pb_text][et_pb_button button_url=&#8220;\/de\/kategorie\/sicherheit-und-logistik-vor-ort\/&#8220; button_text=&#8220;Mehr Details&#8220; module_class=&#8220;button button-l bold ripple custom-button-editor&#8220; _builder_version=&#8220;4.25.0&#8243; _module_preset=&#8220;default&#8220; custom_button=&#8220;on&#8220; button_use_icon=&#8220;off&#8220; global_colors_info=&#8220;{}&#8220;][\/et_pb_button][\/et_pb_column][\/et_pb_row][\/et_pb_section]<\/p>\n","protected":false},"excerpt":{"rendered":"<p>All-Container bietet mehr als nur Rauml\u00f6sungen \u2013 wir liefern komplette Baustelleninfrastruktur, um Sicherheit, Effizienz und einen reibungslosen Ablauf zu gew\u00e4hrleisten. Umfassende Leistungen f\u00fcr Ihre BaustelleIndividuell skalierbare L\u00f6sungen f\u00fcr jede Projektgr\u00f6\u00dfe, inklusive: Baustellenz\u00e4une &amp; Zugangskontrolle Ger\u00fcste &amp; Hebetechnik Abfallcontainer Stromverteiler &amp; Schalttafeln Mit Fokus auf Sicherheit, Logistik und unterbrechungsfreie Stromversorgung \u2013 unterst\u00fctzt durch moderne, zuverl\u00e4ssige Technologien [&hellip;]<\/p>\n","protected":false},"author":1,"featured_media":0,"parent":0,"menu_order":0,"comment_status":"closed","ping_status":"closed","template":"","meta":{"_et_pb_use_builder":"on","_et_pb_old_content":"","_et_gb_content_width":"","footnotes":""},"class_list":["post-28554","page","type-page","status-publish","hentry"],"_links":{"self":[{"href":"https:\/\/all-container.com\/de\/wp-json\/wp\/v2\/pages\/28554","targetHints":{"allow":["GET"]}}],"collection":[{"href":"https:\/\/all-container.com\/de\/wp-json\/wp\/v2\/pages"}],"about":[{"href":"https:\/\/all-container.com\/de\/wp-json\/wp\/v2\/types\/page"}],"author":[{"embeddable":true,"href":"https:\/\/all-container.com\/de\/wp-json\/wp\/v2\/users\/1"}],"replies":[{"embeddable":true,"href":"https:\/\/all-container.com\/de\/wp-json\/wp\/v2\/comments?post=28554"}],"version-history":[{"count":6,"href":"https:\/\/all-container.com\/de\/wp-json\/wp\/v2\/pages\/28554\/revisions"}],"predecessor-version":[{"id":30941,"href":"https:\/\/all-container.com\/de\/wp-json\/wp\/v2\/pages\/28554\/revisions\/30941"}],"wp:attachment":[{"href":"https:\/\/all-container.com\/de\/wp-json\/wp\/v2\/media?parent=28554"}],"curies":[{"name":"wp","href":"https:\/\/api.w.org\/{rel}","templated":true}]}}