{"id":29990,"date":"2024-03-05T07:39:14","date_gmt":"2024-03-05T07:39:14","guid":{"rendered":"https:\/\/all-container.com\/data-protection\/"},"modified":"2025-06-23T17:25:34","modified_gmt":"2025-06-23T17:25:34","slug":"data-protection","status":"publish","type":"page","link":"https:\/\/all-container.com\/de\/data-protection\/","title":{"rendered":"Schutz der Daten"},"content":{"rendered":"[et_pb_section fb_built=&#8220;1&#8243; admin_label=&#8220;section&#8220; _builder_version=&#8220;4.16&#8243; custom_padding=&#8220;16px||1px|||&#8220; global_colors_info=&#8220;{}&#8220;][et_pb_row admin_label=&#8220;Zeile&#8220; _builder_version=&#8220;4.16&#8243; background_size=&#8220;initial&#8220; background_position=&#8220;top_left&#8220; background_repeat=&#8220;repeat&#8220; global_colors_info=&#8220;{}&#8220;][et_pb_column type=&#8220;4_4&#8243; _builder_version=&#8220;4.16&#8243; custom_padding=&#8220;|||&#8220; global_colors_info=&#8220;{}&#8220; custom_padding__hover=&#8220;|||&#8220;][et_pb_text admin_label=&#8220;Text&#8220; _builder_version=&#8220;4.25.0&#8243; background_size=&#8220;initial&#8220; background_position=&#8220;top_left&#8220; background_repeat=&#8220;repeat&#8220; hover_enabled=&#8220;0&#8243; global_colors_info=&#8220;{}&#8220; sticky_enabled=&#8220;0&#8243;]<h1 data-start=\"199\" data-end=\"227\"><strong data-start=\"201\" data-end=\"225\">Datenschutzerkl\u00e4rung<\/strong><\/h1>\n<p data-start=\"228\" data-end=\"270\"><strong data-start=\"228\" data-end=\"270\">(Letzte Aktualisierung: 15. Juni 2025)<\/strong><\/p>\n<p data-start=\"228\" data-end=\"270\"><strong data-start=\"228\" data-end=\"270\"><\/strong><\/p>\n<h2 data-start=\"272\" data-end=\"303\"><strong data-start=\"275\" data-end=\"301\">1. Allgemeine Hinweise<\/strong><\/h2>\n<p data-start=\"304\" data-end=\"450\"><strong data-start=\"304\" data-end=\"328\">ABM-CONTAINER S.R.L.<\/strong> (\u201ewir\u201c, \u201euns\u201c, \u201eunser\u201c) respektiert Ihr Recht auf Privatsph\u00e4re und verpflichtet sich, Ihre personenbezogenen Daten gem\u00e4\u00df:<\/p>\n<ul data-start=\"452\" data-end=\"609\">\n<li data-start=\"452\" data-end=\"508\">\n<p data-start=\"454\" data-end=\"508\">der Datenschutz-Grundverordnung (EU) 2016\/679 (DSGVO),<\/p>\n<\/li>\n<li data-start=\"509\" data-end=\"563\">\n<p data-start=\"511\" data-end=\"563\">dem rum\u00e4nischen Datenschutzgesetz Nr. 190\/2018 sowie<\/p>\n<\/li>\n<li data-start=\"564\" data-end=\"609\">\n<p data-start=\"566\" data-end=\"609\">sonstigen geltenden Datenschutzbestimmungen<\/p>\n<\/li>\n<\/ul>\n<p data-start=\"611\" data-end=\"623\">zu sch\u00fctzen.<\/p>\n<hr data-start=\"625\" data-end=\"628\" \/>\n<h2 data-start=\"630\" data-end=\"658\"><strong data-start=\"633\" data-end=\"656\"><\/strong><\/h2>\n<h2 data-start=\"630\" data-end=\"658\"><strong data-start=\"633\" data-end=\"656\">2. Verantwortlicher<\/strong><\/h2>\n<p data-start=\"659\" data-end=\"979\"><strong data-start=\"659\" data-end=\"683\">ABM-CONTAINER S.R.L.<\/strong><br data-start=\"683\" data-end=\"686\" \/>Aleea Secuilor, Nr. 1, Bl. 2, Sc. A, Ap. 5<br data-start=\"728\" data-end=\"731\" \/>Sector 4, RO-041516 Bukarest, Rum\u00e4nien<br data-start=\"769\" data-end=\"772\" \/><strong data-start=\"772\" data-end=\"784\">Telefon:<\/strong> +40 721 235443<br data-start=\"799\" data-end=\"802\" \/><strong data-start=\"802\" data-end=\"813\">E-Mail:<\/strong> <span style=\"color: #ff0000;\"><a data-start=\"814\" data-end=\"836\" class=\"cursor-pointer\" rel=\"noopener\" style=\"color: #ff0000;\">info@all-container.com<\/a><\/span><br data-start=\"836\" data-end=\"839\" \/><strong data-start=\"839\" data-end=\"847\">Web:<\/strong> <span style=\"color: #ff0000;\"><a data-start=\"848\" data-end=\"869\" rel=\"noopener\" target=\"_new\" class=\"\" href=\"http:\/\/all-container.com\" style=\"color: #ff0000;\">all-container.com<\/a><\/span><br data-start=\"869\" data-end=\"872\" \/><strong data-start=\"872\" data-end=\"892\">Vertreten durch:<\/strong> Valentin Avram<br data-start=\"907\" data-end=\"910\" \/><strong data-start=\"910\" data-end=\"936\">Handelsregisternummer:<\/strong> J40\/18050\/2017<br data-start=\"951\" data-end=\"954\" \/><strong data-start=\"954\" data-end=\"968\">USt-IdNr.:<\/strong> RO38400705<\/p>\n<hr data-start=\"981\" data-end=\"984\" \/>\n<h2 data-start=\"986\" data-end=\"1012\"><strong data-start=\"989\" data-end=\"1010\"><\/strong><\/h2>\n<h2 data-start=\"986\" data-end=\"1012\"><strong data-start=\"989\" data-end=\"1010\">3. Erhobene Daten<\/strong><\/h2>\n<p data-start=\"1013\" data-end=\"1083\">Wir erheben unter anderem folgende Kategorien personenbezogener Daten:<\/p>\n<ul data-start=\"1085\" data-end=\"1183\">\n<li data-start=\"1085\" data-end=\"1101\">\n<p data-start=\"1087\" data-end=\"1101\">Kontaktdaten<\/p>\n<\/li>\n<li data-start=\"1102\" data-end=\"1120\">\n<p data-start=\"1104\" data-end=\"1120\">Gesch\u00e4ftsdaten<\/p>\n<\/li>\n<li data-start=\"1121\" data-end=\"1149\">\n<p data-start=\"1123\" data-end=\"1149\">Technische Informationen<\/p>\n<\/li>\n<li data-start=\"1150\" data-end=\"1161\">\n<p data-start=\"1152\" data-end=\"1161\">Cookies<\/p>\n<\/li>\n<li data-start=\"1162\" data-end=\"1183\">\n<p data-start=\"1164\" data-end=\"1183\">Freiwillige Angaben<\/p>\n<\/li>\n<\/ul>\n<hr data-start=\"1185\" data-end=\"1188\" \/>\n<h2 data-start=\"1190\" data-end=\"1235\"><strong data-start=\"1193\" data-end=\"1233\"><\/strong><\/h2>\n<h2 data-start=\"1190\" data-end=\"1235\"><strong data-start=\"1193\" data-end=\"1233\">4. Rechtsgrundlagen der Verarbeitung<\/strong><\/h2>\n<p data-start=\"1236\" data-end=\"1316\">Die Verarbeitung Ihrer Daten erfolgt auf Basis folgender rechtlicher Grundlagen:<\/p>\n<ul data-start=\"1318\" data-end=\"1413\">\n<li data-start=\"1318\" data-end=\"1339\">\n<p data-start=\"1320\" data-end=\"1339\">Vertragserf\u00fcllung<\/p>\n<\/li>\n<li data-start=\"1340\" data-end=\"1366\">\n<p data-start=\"1342\" data-end=\"1366\">Berechtigtes Interesse<\/p>\n<\/li>\n<li data-start=\"1367\" data-end=\"1383\">\n<p data-start=\"1369\" data-end=\"1383\">Einwilligung<\/p>\n<\/li>\n<li data-start=\"1384\" data-end=\"1413\">\n<p data-start=\"1386\" data-end=\"1413\">Gesetzliche Verpflichtungen<\/p>\n<\/li>\n<\/ul>\n<hr data-start=\"1415\" data-end=\"1418\" \/>\n<h2 data-start=\"1420\" data-end=\"1455\"><strong data-start=\"1423\" data-end=\"1453\"><\/strong><\/h2>\n<h2 data-start=\"1420\" data-end=\"1455\"><strong data-start=\"1423\" data-end=\"1453\">5. Zwecke der Verarbeitung<\/strong><\/h2>\n<p data-start=\"1456\" data-end=\"1525\">Ihre personenbezogenen Daten werden zu folgenden Zwecken verarbeitet:<\/p>\n<ul data-start=\"1527\" data-end=\"1647\">\n<li data-start=\"1527\" data-end=\"1548\">\n<p data-start=\"1529\" data-end=\"1548\">Bestellabwicklung<\/p>\n<\/li>\n<li data-start=\"1549\" data-end=\"1572\">\n<p data-start=\"1551\" data-end=\"1572\">Website-Optimierung<\/p>\n<\/li>\n<li data-start=\"1573\" data-end=\"1586\">\n<p data-start=\"1575\" data-end=\"1586\">Marketing<\/p>\n<\/li>\n<li data-start=\"1587\" data-end=\"1627\">\n<p data-start=\"1589\" data-end=\"1627\">Erf\u00fcllung gesetzlicher Anforderungen<\/p>\n<\/li>\n<li data-start=\"1628\" data-end=\"1647\">\n<p data-start=\"1630\" data-end=\"1647\">Betrugsvermeidung<\/p>\n<\/li>\n<\/ul>\n<hr data-start=\"1649\" data-end=\"1652\" \/>\n<h2 data-start=\"1654\" data-end=\"1685\"><strong data-start=\"1657\" data-end=\"1683\"><\/strong><\/h2>\n<h2 data-start=\"1654\" data-end=\"1685\"><strong data-start=\"1657\" data-end=\"1683\">6. Empf\u00e4nger der Daten<\/strong><\/h2>\n<p data-start=\"1686\" data-end=\"1728\">Ihre Daten k\u00f6nnen weitergegeben werden an:<\/p>\n<ul data-start=\"1730\" data-end=\"1820\">\n<li data-start=\"1730\" data-end=\"1747\">\n<p data-start=\"1732\" data-end=\"1747\">Dienstleister<\/p>\n<\/li>\n<li data-start=\"1748\" data-end=\"1760\">\n<p data-start=\"1750\" data-end=\"1760\">Beh\u00f6rden<\/p>\n<\/li>\n<li data-start=\"1761\" data-end=\"1820\">\n<p data-start=\"1763\" data-end=\"1820\">Gesch\u00e4ftspartner (z.\u202fB. im Rahmen von Umstrukturierungen)<\/p>\n<\/li>\n<\/ul>\n<hr data-start=\"1822\" data-end=\"1825\" \/>\n<h2 data-start=\"1827\" data-end=\"1871\"><strong data-start=\"1830\" data-end=\"1869\"><\/strong><\/h2>\n<h2 data-start=\"1827\" data-end=\"1871\"><strong data-start=\"1830\" data-end=\"1869\">7. Daten\u00fcbermittlung in Drittl\u00e4nder<\/strong><\/h2>\n<p data-start=\"1872\" data-end=\"1921\">Eine \u00dcbermittlung in Drittl\u00e4nder erfolgt nur bei:<\/p>\n<ul data-start=\"1923\" data-end=\"2048\">\n<li data-start=\"1923\" data-end=\"2048\">\n<p data-start=\"1925\" data-end=\"2048\">Vorliegen eines angemessenen Datenschutzniveaus<br data-start=\"1972\" data-end=\"1975\" \/><em data-start=\"1977\" data-end=\"2048\">(z.\u202fB. durch Standardvertragsklauseln oder Angemessenheitsbeschl\u00fcsse)<\/em><\/p>\n<\/li>\n<\/ul>\n<hr data-start=\"2050\" data-end=\"2053\" \/>\n<h2 data-start=\"2055\" data-end=\"2089\"><strong data-start=\"2058\" data-end=\"2087\"><\/strong><\/h2>\n<h2 data-start=\"2055\" data-end=\"2089\"><strong data-start=\"2058\" data-end=\"2087\">8. Ihre Rechte laut DSGVO<\/strong><\/h2>\n<p data-start=\"2090\" data-end=\"2138\">Sie haben jederzeit folgende Rechte gem\u00e4\u00df DSGVO:<\/p>\n<ul data-start=\"2140\" data-end=\"2541\">\n<li data-start=\"2140\" data-end=\"2186\">\n<p data-start=\"2142\" data-end=\"2186\"><strong data-start=\"2142\" data-end=\"2154\">Auskunft<\/strong> \u00fcber Ihre gespeicherten Daten<\/p>\n<\/li>\n<li data-start=\"2187\" data-end=\"2225\">\n<p data-start=\"2189\" data-end=\"2225\"><strong data-start=\"2189\" data-end=\"2205\">Berichtigung<\/strong> unrichtiger Daten<\/p>\n<\/li>\n<li data-start=\"2226\" data-end=\"2272\">\n<p data-start=\"2228\" data-end=\"2272\"><strong data-start=\"2228\" data-end=\"2240\">L\u00f6schung<\/strong> (\u201eRecht auf Vergessenwerden\u201c)<\/p>\n<\/li>\n<li data-start=\"2273\" data-end=\"2311\">\n<p data-start=\"2275\" data-end=\"2311\"><strong data-start=\"2275\" data-end=\"2309\">Einschr\u00e4nkung der Verarbeitung<\/strong><\/p>\n<\/li>\n<li data-start=\"2312\" data-end=\"2340\">\n<p data-start=\"2314\" data-end=\"2340\"><strong data-start=\"2314\" data-end=\"2338\">Daten\u00fcbertragbarkeit<\/strong><\/p>\n<\/li>\n<li data-start=\"2341\" data-end=\"2388\">\n<p data-start=\"2343\" data-end=\"2388\"><strong data-start=\"2343\" data-end=\"2358\">Widerspruch<\/strong> gegen die Datenverarbeitung<\/p>\n<\/li>\n<li data-start=\"2389\" data-end=\"2541\">\n<p data-start=\"2391\" data-end=\"2541\"><strong data-start=\"2391\" data-end=\"2405\">Beschwerde<\/strong> bei der rum\u00e4nischen Aufsichtsbeh\u00f6rde<br data-start=\"2442\" data-end=\"2445\" \/><em data-start=\"2447\" data-end=\"2541\">(ANSPDCP \u2013 Autoritatea Na\u021bional\u0103 de Supraveghere a Prelucr\u0103rii Datelor cu Caracter Personal)<\/em><\/p>\n<\/li>\n<\/ul>\n<hr data-start=\"2543\" data-end=\"2546\" \/>\n<h2 data-start=\"2548\" data-end=\"2573\"><strong data-start=\"2551\" data-end=\"2571\"><\/strong><\/h2>\n<h2 data-start=\"2548\" data-end=\"2573\"><strong data-start=\"2551\" data-end=\"2571\">9. Speicherdauer<\/strong><\/h2>\n<p data-start=\"2574\" data-end=\"2704\">Daten werden nur so lange gespeichert, wie es f\u00fcr die Zwecke der Verarbeitung erforderlich ist oder gesetzlich vorgeschrieben ist.<\/p>\n<hr data-start=\"2706\" data-end=\"2709\" \/>\n<h2 data-start=\"2711\" data-end=\"2747\"><strong data-start=\"2714\" data-end=\"2745\"><\/strong><\/h2>\n<h2 data-start=\"2711\" data-end=\"2747\"><strong data-start=\"2714\" data-end=\"2745\">10. Datenschutz bei Kindern<\/strong><\/h2>\n<p data-start=\"2748\" data-end=\"2829\">Wir erheben nicht absichtlich personenbezogene Daten von Kindern unter 16 Jahren.<\/p>\n<hr data-start=\"2831\" data-end=\"2834\" \/>\n<h2 data-start=\"2836\" data-end=\"2866\"><strong data-start=\"2839\" data-end=\"2864\"><\/strong><\/h2>\n<h2 data-start=\"2836\" data-end=\"2866\"><strong data-start=\"2839\" data-end=\"2864\">11. Cookie-Richtlinie<\/strong><\/h2>\n<p data-start=\"2867\" data-end=\"2972\">Details zur Verwendung von Cookies finden Sie in unserer separaten <strong data-start=\"2934\" data-end=\"2955\">Cookie-Richtlinie<\/strong> auf der Website.<\/p>\n<hr data-start=\"2974\" data-end=\"2977\" \/>\n<h2 data-start=\"2979\" data-end=\"3030\"><strong data-start=\"2982\" data-end=\"3028\"><\/strong><\/h2>\n<h2 data-start=\"2979\" data-end=\"3030\"><strong data-start=\"2982\" data-end=\"3028\">12. \u00c4nderungen dieser Datenschutzerkl\u00e4rung<\/strong><\/h2>\n<p data-start=\"3031\" data-end=\"3180\">Wir behalten uns das Recht vor, diese Datenschutzerkl\u00e4rung jederzeit zu \u00e4ndern. Bitte pr\u00fcfen Sie regelm\u00e4\u00dfig die aktuelle Version auf unserer Website.<\/p>\n<p><\/p>[\/et_pb_text][\/et_pb_column][\/et_pb_row][\/et_pb_section]<!-- \/wp:post-content -->","protected":false},"excerpt":{"rendered":"<p>Datenschutzerkl\u00e4rung (Letzte Aktualisierung: 15. Juni 2025) 1. Allgemeine Hinweise ABM-CONTAINER S.R.L. (\u201ewir\u201c, \u201euns\u201c, \u201eunser\u201c) respektiert Ihr Recht auf Privatsph\u00e4re und verpflichtet sich, Ihre personenbezogenen Daten gem\u00e4\u00df: der Datenschutz-Grundverordnung (EU) 2016\/679 (DSGVO), dem rum\u00e4nischen Datenschutzgesetz Nr. 190\/2018 sowie sonstigen geltenden Datenschutzbestimmungen zu sch\u00fctzen. 2. Verantwortlicher ABM-CONTAINER S.R.L.Aleea Secuilor, Nr. 1, Bl. 2, Sc. A, Ap. 5Sector [&hellip;]<\/p>\n","protected":false},"author":1,"featured_media":0,"parent":0,"menu_order":0,"comment_status":"closed","ping_status":"closed","template":"","meta":{"_et_pb_use_builder":"on","_et_pb_old_content":"","_et_gb_content_width":"","footnotes":""},"class_list":["post-29990","page","type-page","status-publish","hentry"],"_links":{"self":[{"href":"https:\/\/all-container.com\/de\/wp-json\/wp\/v2\/pages\/29990","targetHints":{"allow":["GET"]}}],"collection":[{"href":"https:\/\/all-container.com\/de\/wp-json\/wp\/v2\/pages"}],"about":[{"href":"https:\/\/all-container.com\/de\/wp-json\/wp\/v2\/types\/page"}],"author":[{"embeddable":true,"href":"https:\/\/all-container.com\/de\/wp-json\/wp\/v2\/users\/1"}],"replies":[{"embeddable":true,"href":"https:\/\/all-container.com\/de\/wp-json\/wp\/v2\/comments?post=29990"}],"version-history":[{"count":5,"href":"https:\/\/all-container.com\/de\/wp-json\/wp\/v2\/pages\/29990\/revisions"}],"predecessor-version":[{"id":30982,"href":"https:\/\/all-container.com\/de\/wp-json\/wp\/v2\/pages\/29990\/revisions\/30982"}],"wp:attachment":[{"href":"https:\/\/all-container.com\/de\/wp-json\/wp\/v2\/media?parent=29990"}],"curies":[{"name":"wp","href":"https:\/\/api.w.org\/{rel}","templated":true}]}}