{"id":29997,"date":"2024-03-05T07:39:33","date_gmt":"2024-03-05T07:39:33","guid":{"rendered":"https:\/\/all-container.com\/imprint\/"},"modified":"2025-06-21T06:18:44","modified_gmt":"2025-06-21T06:18:44","slug":"imprint","status":"publish","type":"page","link":"https:\/\/all-container.com\/de\/imprint\/","title":{"rendered":"Impressum"},"content":{"rendered":"<p>[et_pb_section fb_built=&#8220;1&#8243; _builder_version=&#8220;4.25.0&#8243; _module_preset=&#8220;default&#8220; custom_padding=&#8220;17px||4px|||&#8220; global_colors_info=&#8220;{}&#8220;][et_pb_row _builder_version=&#8220;4.25.0&#8243; _module_preset=&#8220;default&#8220; global_colors_info=&#8220;{}&#8220;][et_pb_column type=&#8220;4_4&#8243; _builder_version=&#8220;4.25.0&#8243; _module_preset=&#8220;default&#8220; global_colors_info=&#8220;{}&#8220;][et_pb_text _builder_version=&#8220;4.25.0&#8243; _module_preset=&#8220;default&#8220; hover_enabled=&#8220;0&#8243; global_colors_info=&#8220;{}&#8220; sticky_enabled=&#8220;0&#8243;]<\/p>\n<h1 data-start=\"186\" data-end=\"198\">Impressum<\/h1>\n<h3 data-start=\"200\" data-end=\"227\">Angaben gem\u00e4\u00df \u00a7 5 TMG<\/h3>\n<p>&nbsp;<\/p>\n<p data-start=\"228\" data-end=\"318\"><strong data-start=\"228\" data-end=\"250\">ABM-CONTAINER SRL<\/strong><br data-start=\"250\" data-end=\"253\" \/>Allea Secuilor 1, Bl. 2, Ap. 5<br data-start=\"269\" data-end=\"272\" \/>041516 Bukarest, Rum\u00e4nian<\/p>\n<p data-start=\"320\" data-end=\"472\"><strong data-start=\"320\" data-end=\"332\">Telefon:<\/strong> +40 721 235443<br data-start=\"349\" data-end=\"352\" \/><strong data-start=\"352\" data-end=\"362\">Mobil:<\/strong> +49 174 3359726<br data-start=\"378\" data-end=\"381\" \/><strong data-start=\"381\" data-end=\"392\">E-Mail:<\/strong><span style=\"color: #f70000;\"> <a data-start=\"393\" data-end=\"472\" class=\"cursor-pointer\" rel=\"noopener\" style=\"color: #f70000;\">info@all-container.com<\/a><\/span><\/p>\n<hr data-start=\"474\" data-end=\"477\" \/>\n<h3 data-start=\"479\" data-end=\"500\">Vertreten durch<\/h3>\n<p data-start=\"501\" data-end=\"542\">Gesch\u00e4ftsf\u00fchrer: <strong data-start=\"520\" data-end=\"542\">Herr Valentin Avram<\/strong><\/p>\n<p data-start=\"544\" data-end=\"675\">Eingetragen im Handelsregister beim Bukarest<br data-start=\"599\" data-end=\"602\" \/><strong data-start=\"602\" data-end=\"628\">Handelsregisternummer:<\/strong> J40\/18050\/2017<br data-start=\"639\" data-end=\"642\" \/><strong data-start=\"642\" data-end=\"662\">Umsatzsteuer-ID:<\/strong> RO 38400705<\/p>\n<hr data-start=\"677\" data-end=\"680\" \/>\n<h3 data-start=\"682\" data-end=\"699\">Datenschutz<\/h3>\n<p data-start=\"700\" data-end=\"831\">Der Schutz Ihrer Daten ist uns besonders wichtig.<br data-start=\"749\" data-end=\"752\" \/>Detaillierte Informationen finden Sie in unserer<span style=\"color: #ff0000;\"> <strong data-start=\"801\" data-end=\"830\"><a data-start=\"803\" data-end=\"828\" href=\"https:\/\/all-container.com\/de\/data-protection\/\" style=\"color: #ff0000;\">Datenschutzerkl\u00e4rung<\/a><\/strong>.<\/span><\/p>\n<hr data-start=\"833\" data-end=\"836\" \/>\n<h3 data-start=\"838\" data-end=\"894\">Online-Streitbeilegung (f\u00fcr Verbraucher in der EU)<\/h3>\n<p data-start=\"895\" data-end=\"1059\">Die Europ\u00e4ische Kommission stellt eine Plattform zur Online-Streitbeilegung bereit:<br data-start=\"978\" data-end=\"981\" \/><span style=\"color: #ff0000;\"><strong data-start=\"981\" data-end=\"1059\"><a class=\"\" rel=\"noopener nofollow\" data-start=\"983\" data-end=\"1057\" target=\"_new\" href=\"https:\/\/ec.europa.eu\/consumers\/odr\/\" style=\"color: #ff0000;\">https:\/\/ec.europa.eu\/consumers\/odr\/<\/a><\/strong><\/span><\/p>\n<p data-start=\"1061\" data-end=\"1189\">Wir sind nicht verpflichtet und nicht bereit, an Streitbeilegungsverfahren vor einer Verbraucherschlichtungsstelle teilzunehmen.<\/p>\n<hr data-start=\"1191\" data-end=\"1194\" \/>\n<h3 data-start=\"1196\" data-end=\"1218\">Haftungsausschluss<\/h3>\n<h4 data-start=\"1220\" data-end=\"1246\">Haftung f\u00fcr Inhalte<\/h4>\n<p data-start=\"1247\" data-end=\"1450\">Wir bem\u00fchen uns, die Inhalte dieser Website stets aktuell, vollst\u00e4ndig und korrekt zu halten.<br data-start=\"1340\" data-end=\"1343\" \/>Dennoch k\u00f6nnen wir keine Gew\u00e4hr f\u00fcr die Richtigkeit, Vollst\u00e4ndigkeit und Aktualit\u00e4t der Inhalte \u00fcbernehmen.<\/p>\n<p data-start=\"1452\" data-end=\"1760\">Als Diensteanbieter sind wir gem\u00e4\u00df \u00a7 7 Abs. 1 TMG f\u00fcr eigene Inhalte auf diesen Seiten verantwortlich.<br data-start=\"1554\" data-end=\"1557\" \/>Nach \u00a7\u00a7 8 bis 10 TMG sind wir jedoch nicht verpflichtet, \u00fcbermittelte oder gespeicherte fremde Informationen zu \u00fcberwachen oder nach Umst\u00e4nden zu forschen, die auf eine rechtswidrige T\u00e4tigkeit hinweisen.<\/p>\n<p data-start=\"1762\" data-end=\"2110\">Verpflichtungen zur Entfernung oder Sperrung der Nutzung von Informationen nach den allgemeinen Gesetzen bleiben hiervon unber\u00fchrt.<br data-start=\"1893\" data-end=\"1896\" \/>Eine diesbez\u00fcgliche Haftung ist jedoch erst ab dem Zeitpunkt der Kenntnis einer konkreten Rechtsverletzung m\u00f6glich.<br data-start=\"2011\" data-end=\"2014\" \/>Bei Bekanntwerden entsprechender Rechtsverletzungen werden wir diese Inhalte umgehend entfernen.<\/p>\n<h4 data-start=\"2112\" data-end=\"2136\">Haftung f\u00fcr Links<\/h4>\n<p data-start=\"2137\" data-end=\"2318\">Unsere Website enth\u00e4lt Links zu externen Webseiten Dritter, auf deren Inhalte wir keinen Einfluss haben.<br data-start=\"2241\" data-end=\"2244\" \/>Deshalb k\u00f6nnen wir f\u00fcr diese fremden Inhalte auch keine Gew\u00e4hr \u00fcbernehmen.<\/p>\n<p data-start=\"2320\" data-end=\"2607\">F\u00fcr die Inhalte der verlinkten Seiten ist stets der jeweilige Anbieter oder Betreiber der Seiten verantwortlich.<br data-start=\"2432\" data-end=\"2435\" \/>Die verlinkten Seiten wurden zum Zeitpunkt der Verlinkung auf m\u00f6gliche Rechtsverst\u00f6\u00dfe \u00fcberpr\u00fcft.<br data-start=\"2531\" data-end=\"2534\" \/>Rechtswidrige Inhalte waren zum Zeitpunkt der Verlinkung nicht erkennbar.<\/p>\n<p data-start=\"2609\" data-end=\"2836\">Eine permanente inhaltliche Kontrolle der verlinkten Seiten ist jedoch ohne konkrete Anhaltspunkte einer Rechtsverletzung nicht zumutbar.<br data-start=\"2746\" data-end=\"2749\" \/>Bei Bekanntwerden von Rechtsverletzungen werden wir derartige Links umgehend entfernen.<\/p>\n<hr data-start=\"2838\" data-end=\"2841\" \/>\n<h3 data-start=\"2843\" data-end=\"2861\">Urheberrecht<\/h3>\n<p data-start=\"2862\" data-end=\"2983\">Die durch die Seitenbetreiber erstellten Inhalte und Werke auf dieser Website unterliegen dem <strong data-start=\"2956\" data-end=\"2982\">deutschen Urheberrecht<\/strong>.<\/p>\n<p data-start=\"2985\" data-end=\"3287\">Die Vervielf\u00e4ltigung, Bearbeitung, Verbreitung und jede Art der Verwertung au\u00dferhalb der Grenzen des Urheberrechts bed\u00fcrfen der <strong data-start=\"3113\" data-end=\"3141\">schriftlichen Zustimmung<\/strong> des jeweiligen Autors bzw. Erstellers.<br data-start=\"3180\" data-end=\"3183\" \/>Downloads und Kopien dieser Seite sind nur f\u00fcr <strong data-start=\"3230\" data-end=\"3276\">den privaten, nicht kommerziellen Gebrauch<\/strong> gestattet.<\/p>\n<p data-start=\"3289\" data-end=\"3647\">Soweit die Inhalte auf dieser Seite nicht vom Betreiber erstellt wurden, werden die Urheberrechte Dritter beachtet und entsprechend gekennzeichnet.<br data-start=\"3436\" data-end=\"3439\" \/>Sollten Sie trotzdem auf eine Urheberrechtsverletzung aufmerksam werden, bitten wir um einen entsprechenden Hinweis.<br data-start=\"3555\" data-end=\"3558\" \/>Bei Bekanntwerden von Rechtsverletzungen werden wir derartige Inhalte umgehend entfernen.<\/p>\n<p>[\/et_pb_text][\/et_pb_column][\/et_pb_row][\/et_pb_section]<\/p>\n","protected":false},"excerpt":{"rendered":"<p>Impressum Angaben gem\u00e4\u00df \u00a7 5 TMG &nbsp; ABM-CONTAINER SRLAllea Secuilor 1, Bl. 2, Ap. 5041516 Bukarest, Rum\u00e4nian Telefon: +40 721 235443Mobil: +49 174 3359726E-Mail: info@all-container.com Vertreten durch Gesch\u00e4ftsf\u00fchrer: Herr Valentin Avram Eingetragen im Handelsregister beim BukarestHandelsregisternummer: J40\/18050\/2017Umsatzsteuer-ID: RO 38400705 Datenschutz Der Schutz Ihrer Daten ist uns besonders wichtig.Detaillierte Informationen finden Sie in unserer Datenschutzerkl\u00e4rung. Online-Streitbeilegung [&hellip;]<\/p>\n","protected":false},"author":1,"featured_media":0,"parent":0,"menu_order":0,"comment_status":"closed","ping_status":"closed","template":"","meta":{"_et_pb_use_builder":"on","_et_pb_old_content":"","_et_gb_content_width":"","footnotes":""},"class_list":["post-29997","page","type-page","status-publish","hentry"],"_links":{"self":[{"href":"https:\/\/all-container.com\/de\/wp-json\/wp\/v2\/pages\/29997","targetHints":{"allow":["GET"]}}],"collection":[{"href":"https:\/\/all-container.com\/de\/wp-json\/wp\/v2\/pages"}],"about":[{"href":"https:\/\/all-container.com\/de\/wp-json\/wp\/v2\/types\/page"}],"author":[{"embeddable":true,"href":"https:\/\/all-container.com\/de\/wp-json\/wp\/v2\/users\/1"}],"replies":[{"embeddable":true,"href":"https:\/\/all-container.com\/de\/wp-json\/wp\/v2\/comments?post=29997"}],"version-history":[{"count":2,"href":"https:\/\/all-container.com\/de\/wp-json\/wp\/v2\/pages\/29997\/revisions"}],"predecessor-version":[{"id":30907,"href":"https:\/\/all-container.com\/de\/wp-json\/wp\/v2\/pages\/29997\/revisions\/30907"}],"wp:attachment":[{"href":"https:\/\/all-container.com\/de\/wp-json\/wp\/v2\/media?parent=29997"}],"curies":[{"name":"wp","href":"https:\/\/api.w.org\/{rel}","templated":true}]}}