{"id":28503,"date":"2024-05-24T15:19:18","date_gmt":"2024-05-24T15:19:18","guid":{"rendered":"https:\/\/all-container.com\/product\/5-buero-container\/"},"modified":"2025-06-01T20:18:11","modified_gmt":"2025-06-01T20:18:11","slug":"5-buero-container","status":"publish","type":"product","link":"https:\/\/all-container.com\/de\/product\/5-buero-container\/","title":{"rendered":"5\u2032 Pf\u00f6rtnerkabine"},"content":{"rendered":"\n<p><strong>1. CONTAINER-RAHMEN<\/strong><\/p>\n\n\n\n<ul class=\"wp-block-list\">\n<li>Rahmenlackierung 2438&#215;1400 mm in C3M (7\u201315 Jahre), gem\u00e4\u00df ISO12944-2<\/li>\n\n\n\n<li>Bodenrahmen, Ma\u00dfe: 2438&#215;1400 mm, H = 120 mm \u2013 1 Stk.<\/li>\n\n\n\n<li>PVC-Bodenbelag, 1,5 mm stark, antistatisch \u2013 1 Stk.<\/li>\n\n\n\n<li>Bodenplatte aus Holzwerkstoff, Dicke 20 mm \u2013 1 Stk.<\/li>\n\n\n\n<li>Bodenisolierung DF 40, Dicke 100 mm, U-Wert = 0,35 W\/m\u00b2K \u2013 1 Stk.<\/li>\n\n\n\n<li>Deckenrahmen, Ma\u00dfe: 2438&#215;1400 mm, H = 200 mm \u2013 1 Stk.<\/li>\n\n\n\n<li>Deckenverkleidung aus Spanplatte, Dicke 10 mm \u2013 1 Stk.<\/li>\n\n\n\n<li>Deckenisolierung DF 40, Dicke 100 mm, U-Wert = 0,36 W\/m\u00b2K \u2013 1 Stk.<\/li>\n\n\n\n<li>Eckst\u00fctzen 210&#215;152 mm, L = 2445 mm, Dicke 3,0 mm, S350GD+Z140 \u2013 1 Satz<\/li>\n<\/ul>\n\n\n\n<p><strong>2. FASSADENPANELE<\/strong><\/p>\n\n\n\n<ul class=\"wp-block-list\">\n<li>FTL-Paneel 60 mm, L = 2465 mm, DF 40, U = 0,57 W\/m\u00b2K, RAL 9002 \u2013 4 Stk.<\/li>\n\n\n\n<li>Halbpaneel FTL 60 mm, L = 2465 mm, DF 40, U = 0,57 W\/m\u00b2K, RAL 9002 \u2013 2 Stk.<\/li>\n<\/ul>\n\n\n\n<p><strong>3. FENSTER<\/strong><\/p>\n\n\n\n<ul class=\"wp-block-list\">\n<li>Einfl\u00fcgeliges PVC-Fenster mit Rollladen, 885&#215;1372 mm, Uw = 1,6 W\/m\u00b2K \u2013 1 Stk.<\/li>\n\n\n\n<li>Einfl\u00fcgeliges PVC-Fenster ohne Rollladen, 885&#215;1372 mm, Uw = 1,6 W\/m\u00b2K \u2013 2 Stk.<\/li>\n<\/ul>\n\n\n\n<p><strong>4. T\u00dcR<\/strong><\/p>\n\n\n\n<ul class=\"wp-block-list\">\n<li>Einfl\u00fcgelige T\u00fcr EPS+AL, 905&#215;2060 mm, f\u00fcr Wand 60\u201390 mm, U-Wert = 1,8 W\/m\u00b2K \u2013 1 Stk.<\/li>\n<\/ul>\n\n\n\n<p><strong>5. ELEKTROINSTALLATION<\/strong><\/p>\n\n\n\n<ul class=\"wp-block-list\">\n<li>Verteilerschrank, Aufputz, 12-polig, IP30, f\u00fcr Trockenr\u00e4ume \u2013 1 Stk.<\/li>\n\n\n\n<li>Steckdose und Stecker PCE 32A\/400V, 5-polig, IP44 \u2013 1 Stk.<\/li>\n\n\n\n<li>Ausschnitt im Deckenprofil f\u00fcr Elektroanschluss \u2013 1 Stk.<\/li>\n\n\n\n<li>Leuchte, Leuchtstoff 1x58W, IP66 \u2013 1 Stk.<\/li>\n\n\n\n<li>Lichtschalter 10A\/230V, IP20 \u2013 1 Stk.<\/li>\n\n\n\n<li>Einzelsteckdose 16A\/230V, IP20 \u2013 1 Stk.<\/li>\n\n\n\n<li>Doppelsteckdose 16A\/230V, IP20 \u2013 1 Stk.<\/li>\n<\/ul>\n","protected":false},"excerpt":{"rendered":"<div><span style=\"font-size: 16px\">Ideal f\u00fcr Zutrittskontrolle, \u00dcberwachung oder als Kontrollstation, die 5\u2032Pf\u00f6rtnerkabine ist eine kompakte und effiziente L\u00f6sung f\u00fcr beengte Platzverh\u00e4ltnisse.<br \/>Vorgefertigt und sofort einsatzbereit erm\u00f6glicht sie eine schnelle Installation und volle Funktionalit\u00e4t ab dem ersten Tag. Zur Reduzierung von Transport- und Umsiedlungskosten kann die Einheit auch in zerlegter Form geliefert werden.<br \/>Dank ihrer Mobilit\u00e4t l\u00e4sst sich die Kabine flexibel versetzen\u2013 optimal f\u00fcr dynamische Einsatzorte.<\/span><\/div>\n","protected":false},"featured_media":26934,"comment_status":"open","ping_status":"closed","template":"","meta":{"_et_pb_use_builder":"","_et_pb_old_content":"","_et_gb_content_width":""},"product_brand":[],"product_cat":[121,124,136],"product_tag":[],"class_list":{"0":"post-28503","1":"product","2":"type-product","3":"status-publish","4":"has-post-thumbnail","6":"product_cat-buero-unterkunft-de","7":"product_cat-container","8":"product_cat-sonderangebote","10":"first","11":"instock","12":"sale","13":"taxable","14":"shipping-taxable","15":"purchasable","16":"product-type-simple"},"_links":{"self":[{"href":"https:\/\/all-container.com\/de\/wp-json\/wp\/v2\/product\/28503","targetHints":{"allow":["GET"]}}],"collection":[{"href":"https:\/\/all-container.com\/de\/wp-json\/wp\/v2\/product"}],"about":[{"href":"https:\/\/all-container.com\/de\/wp-json\/wp\/v2\/types\/product"}],"replies":[{"embeddable":true,"href":"https:\/\/all-container.com\/de\/wp-json\/wp\/v2\/comments?post=28503"}],"wp:featuredmedia":[{"embeddable":true,"href":"https:\/\/all-container.com\/de\/wp-json\/wp\/v2\/media\/26934"}],"wp:attachment":[{"href":"https:\/\/all-container.com\/de\/wp-json\/wp\/v2\/media?parent=28503"}],"wp:term":[{"taxonomy":"product_brand","embeddable":true,"href":"https:\/\/all-container.com\/de\/wp-json\/wp\/v2\/product_brand?post=28503"},{"taxonomy":"product_cat","embeddable":true,"href":"https:\/\/all-container.com\/de\/wp-json\/wp\/v2\/product_cat?post=28503"},{"taxonomy":"product_tag","embeddable":true,"href":"https:\/\/all-container.com\/de\/wp-json\/wp\/v2\/product_tag?post=28503"}],"curies":[{"name":"wp","href":"https:\/\/api.w.org\/{rel}","templated":true}]}}