{"id":28658,"date":"2024-05-24T15:19:45","date_gmt":"2024-05-24T15:19:45","guid":{"rendered":"https:\/\/all-container.com\/product\/10-buero-container\/"},"modified":"2025-06-01T20:20:38","modified_gmt":"2025-06-01T20:20:38","slug":"10-buero-container","status":"publish","type":"product","link":"https:\/\/all-container.com\/de\/product\/10-buero-container\/","title":{"rendered":"10&#8242; B\u00fcrocontainer"},"content":{"rendered":"<p><strong>1. CONTAINER-RAHMEN<\/strong><br \/>Rahmenlackierung 2435&#215;2989\u202fmm nach Korrosionsschutzklasse C3M (7\u201315 Jahre), gem\u00e4\u00df ISO 12944-2<br \/>Bodenrahmen, Abmessungen: 2435&#215;2989\u202fmm, H\u00f6he: 120\u202fmm \u2013 1\u202fStk.<br \/>PVC-Bodenbelag, antistatisch, 1,5\u202fmm dick \u2013 1\u202fStk., angepasst an Bodenma\u00dfe<br \/>Bodenplatte \u2013 OSB oder Zementspanplatte, 20\u202fmm dick \u2013 1\u202fStk.<br \/>W\u00e4rmed\u00e4mmung des Bodens (DF 40), St\u00e4rke: 100\u202fmm, U-Wert: 0,35 W\/m\u00b2K \u2013 1\u202fStk.<br \/>Deckenrahmen, Abmessungen: 2435&#215;2989\u202fmm, H\u00f6he: 200\u202fmm \u2013 1\u202fStk.<br \/>Deckenverkleidung \u2013 Stahlblech oder Spanplatte, Dicke: 10\u202fmm \u2013 1\u202fStk.<br \/>W\u00e4rmed\u00e4mmung der Decke (DF 40), St\u00e4rke: 100\u202fmm, U-Wert: 0,36 W\/m\u00b2K \u2013 1\u202fStk.<br \/>Eckpfosten 210&#215;152\u202fmm, L\u00e4nge: 2445\u202fmm, Dicke: 3,0\u202fmm, Material: S350GD+Z140 \u2013 1\u202fSatz  <\/p>\n<p><strong>2. FASSADENPANELE<\/strong><br \/>Sandwichpaneele FTL 60\u202fmm, L\u00e4nge: 2465\u202fmm, DF 40, U-Wert: 0,57\u202fW\/m\u00b2K, Farbe: RAL 9002 \u2013 8\u202fStk.<br \/>Halbpaneele FTL 60\u202fmm, L\u00e4nge: 2465\u202fmm \u2013 2\u202fStk.<\/p>\n<p><strong>3. FENSTER UND VERGLASUNG<\/strong><br \/>Einfl\u00fcgeliges PVC-Fenster mit Rollladen, Abmessungen: 885&#215;1372\u202fmm, Uw-Wert: 1,6\u202fW\/m\u00b2K \u2013 1\u202fStk.<\/p>\n<p><strong>4. T\u00dcR<\/strong><br \/>Einfl\u00fcgelige T\u00fcr aus Polystyrol\/EPS + ALU, Abmessungen: 905&#215;2060\u202fmm, geeignet f\u00fcr Wandst\u00e4rken von 60\u201390\u202fmm, U-Wert: 1,8\u202fW\/m\u00b2K \u2013 1\u202fStk.<\/p>\n<p><strong>5. ELEKTROINSTALLATION<\/strong><br \/>Aufputz-Verteilerkasten, 1-reihig, 12-polig, IP30 \u2013 1\u202fStk., an der Decke montiert<br \/>Steckdose + Stecker PCE 32A\/400V, 5-polig, IP44 \u2013 1\u202fStk.<br \/>Anschluss\u00f6ffnung im Deckenprofil f\u00fcr Stromzufuhr \u2013 1\u202fStk.<br \/>Leuchte, 1x58W, IP66 \u2013 1\u202fStk.<br \/>Lichtschalter 10A\/230V, IP20 \u2013 1\u202fStk.<br \/>Steckdose 16A\/230V, IP20 \u2013 1\u202fStk.<br \/>Doppelsteckdose 16A\/230V, IP20 \u2013 1\u202fStk.<\/p>\n<ul class=\"wp-block-list\"><\/ul>\n<p><\/p>\n","protected":false},"excerpt":{"rendered":"<p><span style=\"font-size: 16px\">Ein 10&#8242;-B\u00fcrocontainer ist eine praktische, langlebige und kosteneffiziente L\u00f6sung f\u00fcr kleine B\u00fcros oder Pf\u00f6rtnerkabinen. Dank seiner kompakten Gr\u00f6\u00dfe, einfachen Anpassungsm\u00f6glichkeiten und Mobilit\u00e4t eignet er sich ideal f\u00fcr verschiedenste Anwendungen \u2013 flexibel, sicher und zuverl\u00e4ssig.<\/span><\/p>\n","protected":false},"featured_media":26932,"comment_status":"open","ping_status":"closed","template":"","meta":{"_et_pb_use_builder":"on","_et_pb_old_content":"<!-- wp:paragraph -->\n<p>Technische Beschreibung<\/p>\n<!-- \/wp:paragraph -->\n\n<!-- wp:paragraph -->\n<p><\/p>\n<!-- \/wp:paragraph -->\n\n<!-- wp:paragraph -->\n<p><strong>1. CONTAINERRAHMEN<\/strong><\/p>\n<!-- \/wp:paragraph -->\n\n<!-- wp:list -->\n<ul><!-- wp:list-item -->\n<li>Lackierung des Rahmens 2435x2989mm in C3M 7 bis 15 Jahre, ISO12944-2<\/li>\n<!-- \/wp:list-item -->\n\n<!-- wp:list-item -->\n<li>Bodenrahmen, Abmessungen 2435x2989mm, H=120mm 1.0 Stk.<\/li>\n<!-- \/wp:list-item -->\n\n<!-- wp:list-item -->\n<li>PVC-Bodenbelag, Dicke 1,5 mm, antistatisch, f\u00fcr Bodenma\u00dfe, 1,0 St\u00fcck, 2435x2989 mm<\/li>\n<!-- \/wp:list-item -->\n\n<!-- wp:list-item -->\n<li>Bodenplatte - Holzzementplatte, Dicke 20mm, f\u00fcr Bodenabmessungen 1,0 St\u00fcck, 2435x2989mm<\/li>\n<!-- \/wp:list-item -->\n\n<!-- wp:list-item -->\n<li>Fu\u00dfbodend\u00e4mmung 2435x2989mm, DF 40, D\u00e4mmst\u00e4rke 100mm, U= 0,35 W\/m2K 1,0 St\u00fcck<\/li>\n<!-- \/wp:list-item -->\n\n<!-- wp:list-item -->\n<li>Deckenrahmen, Abmessungen 2435x2989mm, H=200mm 1,0 St\u00fcck<\/li>\n<!-- \/wp:list-item -->\n\n<!-- wp:list-item -->\n<li>Deckenverkleidung - Spanplatte, Dicke 10mm, f\u00fcr Deckenabmessungen 1,0 St., 2435x2989mm<\/li>\n<!-- \/wp:list-item -->\n\n<!-- wp:list-item -->\n<li>Deckend\u00e4mmung 2435x2989mm, DF 40, D\u00e4mmst\u00e4rke 100mm, U= 0,36 W\/m2K, 1,0 St\u00fcck<\/li>\n<!-- \/wp:list-item -->\n\n<!-- wp:list-item -->\n<li>Ecks\u00e4ulen 210 x 152 mm, L = 2445 mm, Dicke 3,0 mm, S350GD+Z140 1 Kpl.<\/li>\n<!-- \/wp:list-item --><\/ul>\n<!-- \/wp:list -->\n\n<!-- wp:paragraph -->\n<p><strong>2. FASSADENPANEELE<\/strong><\/p>\n<!-- \/wp:paragraph -->\n\n<!-- wp:list -->\n<ul><!-- wp:list-item -->\n<li>Paneel FTL 60mm, L= 2465mm, DF 40, U=0,57 W\/m2K RAL 9002 8,0 St\u00fcck<\/li>\n<!-- \/wp:list-item -->\n\n<!-- wp:list-item -->\n<li>Halbpaneel FTL 60mm, L= 2465mm, DF 40, U=0,57 W\/m2K RAL 9002 2,0 St\u00fcck<\/li>\n<!-- \/wp:list-item --><\/ul>\n<!-- \/wp:list -->\n\n<!-- wp:paragraph -->\n<p><strong>3. FENSTER UND VERGLASUNG<\/strong><\/p>\n<!-- \/wp:paragraph -->\n\n<!-- wp:list -->\n<ul><!-- wp:list-item -->\n<li>Einfl\u00fcgeliges PVC-Fenster mit Rollo, Abmessungen 885x1372mm, 1,0 St\u00fcck, Uw=1,6W\/m2K<\/li>\n<!-- \/wp:list-item --><\/ul>\n<!-- \/wp:list -->\n\n<!-- wp:paragraph -->\n<p><strong>4. T\u00dcR<\/strong><\/p>\n<!-- \/wp:paragraph -->\n\n<!-- wp:list -->\n<ul><!-- wp:list-item -->\n<li>Einfl\u00fcgelige Polystyrol\/EPS+AL-T\u00fcr, Ma\u00dfe 905x2060mm, f\u00fcr Wand 60-90mm, 1,0 St\u00fcck, U=1,8W\/M2K<\/li>\n<!-- \/wp:list-item --><\/ul>\n<!-- \/wp:list -->\n\n<!-- wp:paragraph -->\n<p><strong>5. ELEKTROINSTALLATION<\/strong><\/p>\n<!-- \/wp:paragraph -->\n\n<!-- wp:list -->\n<ul><!-- wp:list-item -->\n<li>Elektroverteilerkasten, Aufputz, einreihig, 12-stellig, IP 30, f\u00fcr trockene Pl\u00e4tze, 1,0 St\u00fcck an der Decke montiert<\/li>\n<!-- \/wp:list-item -->\n\n<!-- wp:list-item -->\n<li>Steckdose und Stecker PCE -32A\/400V, 5P, IP 44 1,0 Stk.<\/li>\n<!-- \/wp:list-item -->\n\n<!-- wp:list-item -->\n<li>Aussparungen im Deckenprofil f\u00fcr elektrischen Anschluss (Steckdose und Stecker) 1,0 St.<\/li>\n<!-- \/wp:list-item -->\n\n<!-- wp:list-item -->\n<li>Leuchte, LED 1 X 58W, IP66 1,0 St.<\/li>\n<!-- \/wp:list-item -->\n\n<!-- wp:list-item -->\n<li>Schalter 10A\/230V, IP20, f\u00fcr trockene Pl\u00e4tze 1.0 St\u00fcck<\/li>\n<!-- \/wp:list-item -->\n\n<!-- wp:list-item -->\n<li>Steckdose 16A\/230V, IP20, f\u00fcr trockene Pl\u00e4tze 1,0 St\u00fcck<\/li>\n<!-- \/wp:list-item -->\n\n<!-- wp:list-item -->\n<li>Doppelsteckdose 16A\/230V, IP20, f\u00fcr trockene Pl\u00e4tze 1,0 St\u00fcck<\/li>\n<!-- \/wp:list-item --><\/ul>\n<!-- \/wp:list -->","_et_gb_content_width":""},"product_brand":[],"product_cat":[121,124,136],"product_tag":[],"class_list":{"0":"post-28658","1":"product","2":"type-product","3":"status-publish","4":"has-post-thumbnail","6":"product_cat-buero-unterkunft-de","7":"product_cat-container","8":"product_cat-sonderangebote","10":"first","11":"instock","12":"sale","13":"taxable","14":"shipping-taxable","15":"purchasable","16":"product-type-simple"},"_links":{"self":[{"href":"https:\/\/all-container.com\/de\/wp-json\/wp\/v2\/product\/28658","targetHints":{"allow":["GET"]}}],"collection":[{"href":"https:\/\/all-container.com\/de\/wp-json\/wp\/v2\/product"}],"about":[{"href":"https:\/\/all-container.com\/de\/wp-json\/wp\/v2\/types\/product"}],"replies":[{"embeddable":true,"href":"https:\/\/all-container.com\/de\/wp-json\/wp\/v2\/comments?post=28658"}],"wp:featuredmedia":[{"embeddable":true,"href":"https:\/\/all-container.com\/de\/wp-json\/wp\/v2\/media\/26932"}],"wp:attachment":[{"href":"https:\/\/all-container.com\/de\/wp-json\/wp\/v2\/media?parent=28658"}],"wp:term":[{"taxonomy":"product_brand","embeddable":true,"href":"https:\/\/all-container.com\/de\/wp-json\/wp\/v2\/product_brand?post=28658"},{"taxonomy":"product_cat","embeddable":true,"href":"https:\/\/all-container.com\/de\/wp-json\/wp\/v2\/product_cat?post=28658"},{"taxonomy":"product_tag","embeddable":true,"href":"https:\/\/all-container.com\/de\/wp-json\/wp\/v2\/product_tag?post=28658"}],"curies":[{"name":"wp","href":"https:\/\/api.w.org\/{rel}","templated":true}]}}