{"id":28786,"date":"2024-05-20T15:53:48","date_gmt":"2024-05-20T15:53:48","guid":{"rendered":"https:\/\/all-container.com\/product\/20-fuss-buerocontainer-mit-windfang\/"},"modified":"2025-06-01T20:27:58","modified_gmt":"2025-06-01T20:27:58","slug":"20-fuss-buerocontainer-mit-windfang","status":"publish","type":"product","link":"https:\/\/all-container.com\/de\/product\/20-fuss-buerocontainer-mit-windfang\/","title":{"rendered":"20-Fu\u00df-B\u00fcrocontainer mit Windfang"},"content":{"rendered":"<p><strong>1. Containerrahmen<\/strong><br \/><strong>Beschichtung<\/strong>: C3M Korrosionsschutz, Lebensdauer 7\u201315 Jahre, ISO 12944-2<br \/><strong>Abmessungen<\/strong>: 2435 \u00d7 6055 mm<br \/><strong>Bodenrahmen<\/strong>: H\u00f6he 120 mm, Stahlkonstruktion<br \/><strong>Bodenbelag<\/strong>: Antistatischer PVC-Belag, 1,5 mm dick<br \/><strong>Bodenplatte<\/strong>: Zementgebundene Spanplatte, 20 mm dick<br \/><strong>Isolierung (Boden)<\/strong>: Mineralwolle DF 40, 100 mm, U-Wert: 0,35 W\/m\u00b2K<br \/><strong>Deckenrahmen<\/strong>: H\u00f6he 200 mm<br \/><strong>Deckenverkleidung<\/strong>: Spanplatte, 10 mm dick<br \/><strong>Isolierung (Decke)<\/strong>: Mineralwolle DF 40, 100 mm, U-Wert: 0,36 W\/m\u00b2K<br \/><strong>Eckpfosten<\/strong>: 210 \u00d7 152 mm, L\u00e4nge 2445 mm, Dicke 3,0 mm, Material: S350GD+Z140 <\/p>\n<p><strong>2. Wandpaneele<\/strong><br \/><strong>Vollpaneele<\/strong>: FTL-Sandwichpaneele, 60 mm, L\u00e4nge 2465 mm, U-Wert: 0,57 W\/m\u00b2K, RAL 9002 \u2013 8 St\u00fcck<br \/><strong>Halbpaneele<\/strong>: FTL 60 mm \u2013 2 St\u00fcck<\/p>\n<p><strong>3. Fenster und Verglasung<\/strong><br \/><strong>Typ<\/strong>: Einfachfl\u00fcgeliges PVC-Fenster mit Rollladen<br \/><strong>Gr\u00f6\u00dfe<\/strong>: 885 \u00d7 1372 mm<br \/><strong>W\u00e4rmedurchgangskoeffizient<\/strong>: Uw = 1,6 W\/m\u00b2K \u2013 1 St\u00fcck<\/p>\n<p><strong>4. T\u00fcr<\/strong><br \/><strong>Typ<\/strong>: T\u00fcr mit EPS + AL Sandwichaufbau<br \/><strong>Gr\u00f6\u00dfe<\/strong>: 905 \u00d7 2060 mm<br \/><strong>F\u00fcr Wandst\u00e4rke<\/strong>: 60\u201390 mm<br \/><strong>U-Wert<\/strong>: 1,8 W\/m\u00b2K \u2013 1 St\u00fcck<\/p>\n<p><strong>5. Elektroinstallation<\/strong><br \/>Aufputz-Verteilerkasten, 12-fach, IP30<br \/>Steckdose &amp; Stecker PCE 32A \/ 400V, 5-polig, IP44<br \/>Deckenaussparung f\u00fcr Anschluss<br \/>Leuchten: Leuchtstofflampe 1 \u00d7 58W, IP66 \u2013 2 St\u00fcck<br \/>Lichtschalter 10A \/ 230V, IP20 \u2013 1 St\u00fcck<br \/>Steckdose 16A \/ 230V, IP20 \u2013 1 St\u00fcck<br \/>Doppelsteckdose 16A \/ 230V, IP20 \u2013 1 St\u00fcck<\/p>\n<ul><\/ul>\n<p><\/p>\n","protected":false},"excerpt":{"rendered":"<p>Verwandeln Sie Ihren Raum mit maximaler Vielseitigkeit. Dieser 20\u2032 B\u00fcrocontainer mit Windfang ist f\u00fcr schnellen Einsatz und hohe Flexibilit\u00e4t konzipiert. Vorgefertigt und sofort einsatzbereit, erm\u00f6glicht er eine schnelle Installation mit minimalem Aufwand. Der integrierte Windfang verbessert die Isolierung, sch\u00fctzt vor Witterungseinfl\u00fcssen und erh\u00f6ht den Benutzerkomfort. Ideal f\u00fcr Baustellen, tempor\u00e4re B\u00fcros oder mobile Eins\u00e4tze \u2013 jederzeit versetzbar und anpassbar.<\/p>\n","protected":false},"featured_media":26864,"comment_status":"open","ping_status":"closed","template":"","meta":{"_et_pb_use_builder":"on","_et_pb_old_content":"<!-- wp:paragraph -->\n<p>Standard Modular Container \u2013 die ideale L\u00f6sung f\u00fcr vielf\u00e4ltige Anforderungen.<br>Egal, ob Sie ein B\u00fcro, Lagerraum vor Ort, medizinische Einrichtungen, Schul- oder Kindergartenr\u00e4ume oder eine Erweiterung Ihres bestehenden Wohnraums ben\u00f6tigen \u2013 dieser Container bietet unvergleichliche Vielseitigkeit <\/p>\n<!-- \/wp:paragraph -->\n\n<!-- wp:paragraph -->\n<p>Gefertigt aus hochwertigen Materialien, sind unsere modularen Einheiten f\u00fcr Langlebigkeit konzipiert. Mit Strukturen aus verzinktem Stahlblech und individuell anpassbaren, isolierten Wandpaneelen bieten sie maximale Robustheit und Widerstandsf\u00e4higkeit. Dank ihres modularen Designs passen sie sich m\u00fchelos Ihren Anforderungen an.  <\/p>\n<!-- \/wp:paragraph -->\n\n<!-- wp:paragraph -->\n<p>Ihre Mobilit\u00e4t macht sie einzigartig und erm\u00f6glicht eine Platzierung an nahezu jedem Ort, unabh\u00e4ngig vom Gel\u00e4nde. Ob auf ebenen Baustellen oder an Hanglagen \u2013 diese Container \u00fcberzeugen dort, wo feste Strukturen an ihre Grenzen sto\u00dfen. Dank ihrer einfachen Versetzbarkeit bieten sie eine Flexibilit\u00e4t, die ihresgleichen sucht.  <\/p>\n<!-- \/wp:paragraph -->\n\n<!-- wp:paragraph -->\n<p>Entdecken Sie die ultimative Flexibilit\u00e4t mit dem Standard Modular Container \u2013 Ihre L\u00f6sung f\u00fcr eine einfache Integration, egal wo Sie sich befinden.<\/p>\n<!-- \/wp:paragraph -->","_et_gb_content_width":""},"product_brand":[],"product_cat":[121,124,136],"product_tag":[],"class_list":{"0":"post-28786","1":"product","2":"type-product","3":"status-publish","4":"has-post-thumbnail","6":"product_cat-buero-unterkunft-de","7":"product_cat-container","8":"product_cat-sonderangebote","10":"first","11":"instock","12":"sale","13":"taxable","14":"shipping-taxable","15":"purchasable","16":"product-type-simple"},"_links":{"self":[{"href":"https:\/\/all-container.com\/de\/wp-json\/wp\/v2\/product\/28786","targetHints":{"allow":["GET"]}}],"collection":[{"href":"https:\/\/all-container.com\/de\/wp-json\/wp\/v2\/product"}],"about":[{"href":"https:\/\/all-container.com\/de\/wp-json\/wp\/v2\/types\/product"}],"replies":[{"embeddable":true,"href":"https:\/\/all-container.com\/de\/wp-json\/wp\/v2\/comments?post=28786"}],"wp:featuredmedia":[{"embeddable":true,"href":"https:\/\/all-container.com\/de\/wp-json\/wp\/v2\/media\/26864"}],"wp:attachment":[{"href":"https:\/\/all-container.com\/de\/wp-json\/wp\/v2\/media?parent=28786"}],"wp:term":[{"taxonomy":"product_brand","embeddable":true,"href":"https:\/\/all-container.com\/de\/wp-json\/wp\/v2\/product_brand?post=28786"},{"taxonomy":"product_cat","embeddable":true,"href":"https:\/\/all-container.com\/de\/wp-json\/wp\/v2\/product_cat?post=28786"},{"taxonomy":"product_tag","embeddable":true,"href":"https:\/\/all-container.com\/de\/wp-json\/wp\/v2\/product_tag?post=28786"}],"curies":[{"name":"wp","href":"https:\/\/api.w.org\/{rel}","templated":true}]}}