{"id":28803,"date":"2024-05-20T15:43:29","date_gmt":"2024-05-20T15:43:29","guid":{"rendered":"https:\/\/all-container.com\/product\/16-buerocontainer\/"},"modified":"2025-06-01T20:24:45","modified_gmt":"2025-06-01T20:24:45","slug":"16-buerocontainer","status":"publish","type":"product","link":"https:\/\/all-container.com\/de\/product\/16-buerocontainer\/","title":{"rendered":"16-Fu\u00df-B\u00fcrocontainer"},"content":{"rendered":"\n<p><strong>Rahmen:<\/strong><br>Gefertigt aus Stahlprofilen (S235JR und S355MC, EN 10025-2) mit Polyurethanbeschichtung (120\u202f\u03bcm) gem\u00e4\u00df ISO 12944-2, Klasse C3M f\u00fcr Korrosionsschutz. Standardfarbe: RAL 9002.<br><strong>Ma\u00dfe:<\/strong> 2435 mm x 4880 mm.<\/p>\n\n\n\n<p><strong>Boden:<\/strong><\/p>\n\n\n\n<ul class=\"wp-block-list\">\n<li><strong>Aufbau:<\/strong> Stahlquertr\u00e4ger mit verzinktem Stahlblech (0,5 mm, DX51D, EN 10327) auf der Unterseite.<\/li>\n\n\n\n<li><strong>D\u00e4mmung:<\/strong> Mineralwolle (100 mm, \u03bb = 0,040 W\/mK) mit Dampfsperre (Polyethylenfolie, 80\u202f\u03bcm); U-Wert: 0,35 W\/m\u00b2K.<\/li>\n\n\n\n<li><strong>Belag:<\/strong> 20 mm wasserabweisende Spanplatte (EN 312, P3, E1, D-s2).<\/li>\n<\/ul>\n\n\n\n<p><strong>Decke:<\/strong><\/p>\n\n\n\n<ul class=\"wp-block-list\">\n<li><strong>Aufbau:<\/strong> Stahlprofile mit Holzpfetten im Abstand von 500 mm und 0,5 mm verzinktem Stahlblech.<\/li>\n\n\n\n<li><strong>D\u00e4mmung:<\/strong> 100 mm Mineralwolle mit 150\u202f\u03bcm Polyethylen-Dampfsperre; U-Wert: 0,36 W\/m\u00b2K.<\/li>\n<\/ul>\n\n\n\n<p><strong>W\u00e4nde:<\/strong><br>FTVL-Sandwichpaneele mit 60 mm Mineralwolld\u00e4mmung (\u03bb = 0,040 W\/mK), U-Wert: 0,57 W\/m\u00b2K. Feuerklasse A1 nach EN 13501-1, konform mit EN 13162.<\/p>\n\n\n\n<p><strong>Fenster:<\/strong><\/p>\n\n\n\n<ul class=\"wp-block-list\">\n<li><strong>Ausf\u00fchrung:<\/strong> PVC-Profile mit Doppelverglasung (4\/15\/4 mm), Ug = 1,1 W\/m\u00b2K, Uw = 1,6 W\/m\u00b2K.<\/li>\n\n\n\n<li><strong>\u00d6ffnungsart:<\/strong> Dreh-Kipp (kein Schiebefenster), mit doppelter Abdichtung.<\/li>\n\n\n\n<li><strong>Standardma\u00df:<\/strong> 885 mm x 1372 mm.<\/li>\n<\/ul>\n\n\n\n<p><strong>T\u00fcren:<\/strong><\/p>\n\n\n\n<ul class=\"wp-block-list\">\n<li><strong>Material:<\/strong> Aluminiumrahmen, T\u00fcrblatt 40 mm dick, beidseitig verzinkt\/lackiert (0,5 mm, DX51D), mit EPS gef\u00fcllt.<\/li>\n\n\n\n<li><strong>U-Wert:<\/strong> 1,8 W\/m\u00b2K.<\/li>\n\n\n\n<li><strong>Standardma\u00df:<\/strong> 905 mm x 2060 mm.<\/li>\n\n\n\n<li><strong>Ausstattung:<\/strong> Zylinderschloss, Metallgriff, CE-Zertifizierung gem\u00e4\u00df EN 14351-1.<\/li>\n<\/ul>\n\n\n\n<p><\/p>\n","protected":false},"excerpt":{"rendered":"<p><strong>Vielseitige Flurl\u00f6sung f\u00fcr modulare Anwendungen<\/strong><br \/>Dieser 16-Fu\u00df-Container dient haupts\u00e4chlich als Flurmodul und bietet eine robuste und flexible Struktur f\u00fcr tempor\u00e4re oder halbpermanente Eins\u00e4tze. Er eignet sich ideal zum Erstellen von Verbindungsg\u00e4ngen zwischen Einheiten, z.\u202fB. auf Baustellen, Eventfl\u00e4chen oder modularen Anlagen.<br \/>Vorgefertigt und bereit f\u00fcr die schnelle Installation, l\u00e4sst sich der Container nahtlos in bestehende Strukturen integrieren. Dank seiner mobilen Bauweise ist er ideal f\u00fcr sich \u00e4ndernde Baustellenlayouts oder kurzzeitige Eins\u00e4tze. Ob zur Verbindung von B\u00fcroeinheiten oder zur Optimierung des internen Verkehrsflusses \u2013 dieser Container steigert Funktionalit\u00e4t, Effizienz und Flexibilit\u00e4t jeder modularen L\u00f6sung.<\/p>\n","protected":false},"featured_media":26602,"comment_status":"open","ping_status":"closed","template":"","meta":{"_et_pb_use_builder":"","_et_pb_old_content":"","_et_gb_content_width":""},"product_brand":[],"product_cat":[121,124,136],"product_tag":[],"class_list":{"0":"post-28803","1":"product","2":"type-product","3":"status-publish","4":"has-post-thumbnail","6":"product_cat-buero-unterkunft-de","7":"product_cat-container","8":"product_cat-sonderangebote","10":"first","11":"instock","12":"sale","13":"taxable","14":"shipping-taxable","15":"purchasable","16":"product-type-simple"},"_links":{"self":[{"href":"https:\/\/all-container.com\/de\/wp-json\/wp\/v2\/product\/28803","targetHints":{"allow":["GET"]}}],"collection":[{"href":"https:\/\/all-container.com\/de\/wp-json\/wp\/v2\/product"}],"about":[{"href":"https:\/\/all-container.com\/de\/wp-json\/wp\/v2\/types\/product"}],"replies":[{"embeddable":true,"href":"https:\/\/all-container.com\/de\/wp-json\/wp\/v2\/comments?post=28803"}],"wp:featuredmedia":[{"embeddable":true,"href":"https:\/\/all-container.com\/de\/wp-json\/wp\/v2\/media\/26602"}],"wp:attachment":[{"href":"https:\/\/all-container.com\/de\/wp-json\/wp\/v2\/media?parent=28803"}],"wp:term":[{"taxonomy":"product_brand","embeddable":true,"href":"https:\/\/all-container.com\/de\/wp-json\/wp\/v2\/product_brand?post=28803"},{"taxonomy":"product_cat","embeddable":true,"href":"https:\/\/all-container.com\/de\/wp-json\/wp\/v2\/product_cat?post=28803"},{"taxonomy":"product_tag","embeddable":true,"href":"https:\/\/all-container.com\/de\/wp-json\/wp\/v2\/product_tag?post=28803"}],"curies":[{"name":"wp","href":"https:\/\/api.w.org\/{rel}","templated":true}]}}