{"id":28805,"date":"2024-05-20T16:04:02","date_gmt":"2024-05-20T16:04:02","guid":{"rendered":"https:\/\/all-container.com\/product\/20-mix-wcshower\/"},"modified":"2025-06-06T20:13:56","modified_gmt":"2025-06-06T20:13:56","slug":"20-mix-wcshower","status":"publish","type":"product","link":"https:\/\/all-container.com\/de\/product\/20-mix-wcshower\/","title":{"rendered":"20\u2032 Kombi Sanit\u00e4rcontainer \u2013 WC &amp; Duschkabinen"},"content":{"rendered":"\n<p><strong>Technische Beschreibung \u2013 20\u2032 Sanit\u00e4rcontainer<\/strong><\/p>\n\n\n\n<p><strong>Rahmen und Abmessungen:<\/strong><br>Der Container hat Au\u00dfenma\u00dfe von 6055 mm \u00d7 2435 mm und verf\u00fcgt \u00fcber einen lackierten Stahlrahmen (RAL 3000) sowie isolierte Sandwichpaneele (RAL 7035). Die Innenfl\u00e4chen sind wei\u00df, der Boden ist mit grauem PVC (1,4 mm) ausgelegt.<\/p>\n\n\n\n<p><strong>Aufbau und D\u00e4mmung:<\/strong><br>Dach und Boden sind w\u00e4rmeged\u00e4mmt f\u00fcr effizienten Energieverbrauch und h\u00f6heren Komfort. Mit Gabelstaplertaschen zur einfachen Handhabung.<\/p>\n\n\n\n<p><strong>Sanit\u00e4rausstattung:<\/strong><\/p>\n\n\n\n<ul class=\"wp-block-list\">\n<li>2 komplette Toiletten mit Papierhaltern<\/li>\n\n\n\n<li>2 Urinale mit Druckventilen<\/li>\n\n\n\n<li>2 Duschkabinen, komplett ausgestattet<\/li>\n\n\n\n<li>1 Waschrinne mit 4 Mischarmaturen (warm\/kalt)<\/li>\n\n\n\n<li>1 separates Waschbecken mit Kaltwasserhahn<\/li>\n\n\n\n<li>1 Warmwasserboiler (150 Liter)<\/li>\n\n\n\n<li>4 Spiegel mit Ablage, 1 zus\u00e4tzlicher Spiegel<\/li>\n\n\n\n<li>4 Kleiderhaken<\/li>\n<\/ul>\n\n\n\n<p><strong>Heizung und Elektroinstallation:<\/strong><\/p>\n\n\n\n<p>CEE-Steckdosen, Wasseranschl\u00fcsse (\u00be&#8220;) und Abfluss (DN110)<\/p>\n\n\n\n<p>1 Elektroheizung \u2013 2 kW<\/p>\n\n\n\n<p>1 Elektroheizung \u2013 0,5 kW<\/p>\n\n\n\n<p>2 Leuchten (36 W)<\/p>\n","protected":false},"excerpt":{"rendered":"<p>Dieser 2435 x 6055 mm gro\u00dfe Sanit\u00e4rcontainer bietet eine komplette L\u00f6sung mit getrennten WC- und Duschkabinen. Die Konstruktion aus lackiertem Stahlrahmen, isoliertem Boden und Decke sowie Innenw\u00e4nden sorgt f\u00fcr Langlebigkeit und Hygiene.<br \/>Ausgestattet mit Keramiktoiletten, Duschen, Waschbecken, Fenstern und einer vollst\u00e4ndigen Sanit\u00e4r- und Elektroinstallation (Licht, Steckdosen, Heizger\u00e4te, L\u00fcfter). Ideal f\u00fcr Baustellen, Veranstaltungen oder tempor\u00e4re Eins\u00e4tze.<\/p>\n","protected":false},"featured_media":26594,"comment_status":"open","ping_status":"closed","template":"","meta":{"_et_pb_use_builder":"","_et_pb_old_content":"","_et_gb_content_width":""},"product_brand":[],"product_cat":[124,129,136],"product_tag":[],"class_list":{"0":"post-28805","1":"product","2":"type-product","3":"status-publish","4":"has-post-thumbnail","6":"product_cat-container","7":"product_cat-sanitarcontainer","8":"product_cat-sonderangebote","10":"first","11":"instock","12":"sale","13":"taxable","14":"shipping-taxable","15":"purchasable","16":"product-type-simple"},"_links":{"self":[{"href":"https:\/\/all-container.com\/de\/wp-json\/wp\/v2\/product\/28805","targetHints":{"allow":["GET"]}}],"collection":[{"href":"https:\/\/all-container.com\/de\/wp-json\/wp\/v2\/product"}],"about":[{"href":"https:\/\/all-container.com\/de\/wp-json\/wp\/v2\/types\/product"}],"replies":[{"embeddable":true,"href":"https:\/\/all-container.com\/de\/wp-json\/wp\/v2\/comments?post=28805"}],"wp:featuredmedia":[{"embeddable":true,"href":"https:\/\/all-container.com\/de\/wp-json\/wp\/v2\/media\/26594"}],"wp:attachment":[{"href":"https:\/\/all-container.com\/de\/wp-json\/wp\/v2\/media?parent=28805"}],"wp:term":[{"taxonomy":"product_brand","embeddable":true,"href":"https:\/\/all-container.com\/de\/wp-json\/wp\/v2\/product_brand?post=28805"},{"taxonomy":"product_cat","embeddable":true,"href":"https:\/\/all-container.com\/de\/wp-json\/wp\/v2\/product_cat?post=28805"},{"taxonomy":"product_tag","embeddable":true,"href":"https:\/\/all-container.com\/de\/wp-json\/wp\/v2\/product_tag?post=28805"}],"curies":[{"name":"wp","href":"https:\/\/api.w.org\/{rel}","templated":true}]}}