{"id":30121,"date":"2024-05-20T16:12:49","date_gmt":"2024-05-20T16:12:49","guid":{"rendered":"https:\/\/all-container.com\/product\/20-speicher-container\/"},"modified":"2025-06-04T16:19:59","modified_gmt":"2025-06-04T16:19:59","slug":"20-speicher-container","status":"publish","type":"product","link":"https:\/\/all-container.com\/de\/product\/20-speicher-container\/","title":{"rendered":"20\u2032 Seecontainer zur Lagerung"},"content":{"rendered":"\n<h3 class=\"wp-block-heading\">T<strong>echnische Daten \u2013 20\u2032 Seecontainer<\/strong><\/h3>\n\n\n\n<p>\u2705 <strong>Konstruktion<\/strong><br>Der Container besteht aus hochfesten <strong>Stahlrahmen<\/strong> und <strong>gewellten Stahlpaneelen<\/strong>, verschwei\u00dft mittels <strong>MAG-Lichtbogenschwei\u00dfverfahren<\/strong>. Alle \u00e4u\u00dferen Schwei\u00dfn\u00e4hte, einschlie\u00dflich des Bodenrahmens, sind durchg\u00e4ngig und durchdringend. Die N\u00e4hte weisen keine Porosit\u00e4ten auf und garantieren maximale Stabilit\u00e4t.<\/p>\n\n\n\n<p>\u2705 <strong>Boden<\/strong><br>28\u202fmm dicker <strong>Sperrholz- oder OSB-Boden<\/strong>, verschraubt mit Quertr\u00e4gern. Alle Fugen sowie der Bodenrand sind mit <strong>wasserbasierter Dichtmasse<\/strong> versiegelt.<\/p>\n\n\n\n<p>\u2705 <strong>Eckbeschl\u00e4ge<\/strong><br>Die Eckbeschl\u00e4ge entsprechen der <strong>ISO 1161<\/strong> und gew\u00e4hrleisten eine sichere Handhabung mit Standard-Hebesystemen.<\/p>\n\n\n\n<p>\u2705 <strong>Beschichtungssystem<\/strong><br>Beschichtet mit einem <strong>4.2 wasserbasierten Farbsystem<\/strong> f\u00fcr langanhaltenden Schutz.<\/p>\n\n\n\n<p>\u2705 <strong>Au\u00dfenma\u00dfe<\/strong><\/p>\n\n\n\n<ul class=\"wp-block-list\">\n<li>L\u00e4nge: 6.058 mm<\/li>\n\n\n\n<li>Breite: 2.438 mm<\/li>\n\n\n\n<li>H\u00f6he: 2.591 mm<\/li>\n<\/ul>\n\n\n\n<p>\u2705 <strong>Innenma\u00dfe<\/strong><\/p>\n\n\n\n<ul class=\"wp-block-list\">\n<li>L\u00e4nge: 5.898 mm<\/li>\n\n\n\n<li>Breite: 2.352 mm<\/li>\n\n\n\n<li>H\u00f6he: 2.393 mm<\/li>\n<\/ul>\n\n\n\n<p>\u2705 <strong>T\u00fcr\u00f6ffnung<\/strong><\/p>\n\n\n\n<ul class=\"wp-block-list\">\n<li>Breite: 2.340 mm<\/li>\n\n\n\n<li>H\u00f6he: 2.280 mm<\/li>\n<\/ul>\n\n\n\n<p>\u2705 <strong>Kapazit\u00e4t und Belastbarkeit<\/strong><\/p>\n\n\n\n<ul class=\"wp-block-list\">\n<li><strong>Innenvolumen:<\/strong> 33,2 m\u00b3<\/li>\n\n\n\n<li><strong>Max. Gesamtgewicht:<\/strong> 30.480 kg<\/li>\n\n\n\n<li><strong>Max. Nutzlast:<\/strong> 28.330 kg<\/li>\n\n\n\n<li><strong>Eigengewicht (\u00b12\u202f%):<\/strong> 2.150 kg<\/li>\n<\/ul>\n\n\n\n<p>\u2139\ufe0f <strong>Hinweis:<\/strong> Die endg\u00fcltigen Ma\u00dfe und Ausstattungsmerkmale sind dem jeweiligen Angebot zu entnehmen.<\/p>\n","protected":false},"excerpt":{"rendered":"<p>Ein 20-Fu\u00df-Seecontainer bietet eine <strong>praktische<\/strong>, <strong>sichere<\/strong> und <strong>anpassungsf\u00e4hige<\/strong> L\u00f6sung f\u00fcr die Lagerung verschiedenster G\u00fcter. Dank seiner robusten Bauweise eignet er sich ideal f\u00fcr den Einsatz bei jedem Wetter und bietet zuverl\u00e4ssigen Schutz vor Diebstahl und Umwelteinfl\u00fcssen.<br \/>Ob f\u00fcr pers\u00f6nliche Gegenst\u00e4nde, Gesch\u00e4ftsinventar, Werkzeuge oder Maschinen \u2013 der Container kann individuell angepasst werden, z.\u202fB. mit <strong>D\u00e4mmung<\/strong>, <strong>L\u00fcftung<\/strong>, <strong>Regalen<\/strong> oder <strong>elektrischen Anschl\u00fcssen<\/strong>.<br \/>In den letzten Jahren erfreuen sich 20\u2032-Container nicht nur f\u00fcr <strong>kurz- oder langfristige Vermietungen<\/strong> wachsender Beliebtheit, sondern auch als <strong>mobile Werkst\u00e4tten<\/strong>, <strong>flexible Arbeitsr\u00e4ume<\/strong> oder sogar als <strong>Basis f\u00fcr modulare Wohnkonzepte<\/strong>.<\/p>\n","protected":false},"featured_media":26886,"comment_status":"open","ping_status":"closed","template":"","meta":{"_et_pb_use_builder":"","_et_pb_old_content":"","_et_gb_content_width":""},"product_brand":[],"product_cat":[124,143,136],"product_tag":[],"class_list":{"0":"post-30121","1":"product","2":"type-product","3":"status-publish","4":"has-post-thumbnail","6":"product_cat-container","7":"product_cat-lagercontainer","8":"product_cat-sonderangebote","10":"first","11":"instock","12":"sale","13":"taxable","14":"shipping-taxable","15":"purchasable","16":"product-type-simple"},"_links":{"self":[{"href":"https:\/\/all-container.com\/de\/wp-json\/wp\/v2\/product\/30121","targetHints":{"allow":["GET"]}}],"collection":[{"href":"https:\/\/all-container.com\/de\/wp-json\/wp\/v2\/product"}],"about":[{"href":"https:\/\/all-container.com\/de\/wp-json\/wp\/v2\/types\/product"}],"replies":[{"embeddable":true,"href":"https:\/\/all-container.com\/de\/wp-json\/wp\/v2\/comments?post=30121"}],"wp:featuredmedia":[{"embeddable":true,"href":"https:\/\/all-container.com\/de\/wp-json\/wp\/v2\/media\/26886"}],"wp:attachment":[{"href":"https:\/\/all-container.com\/de\/wp-json\/wp\/v2\/media?parent=30121"}],"wp:term":[{"taxonomy":"product_brand","embeddable":true,"href":"https:\/\/all-container.com\/de\/wp-json\/wp\/v2\/product_brand?post=30121"},{"taxonomy":"product_cat","embeddable":true,"href":"https:\/\/all-container.com\/de\/wp-json\/wp\/v2\/product_cat?post=30121"},{"taxonomy":"product_tag","embeddable":true,"href":"https:\/\/all-container.com\/de\/wp-json\/wp\/v2\/product_tag?post=30121"}],"curies":[{"name":"wp","href":"https:\/\/api.w.org\/{rel}","templated":true}]}}