{"id":30145,"date":"2024-05-20T16:08:05","date_gmt":"2024-05-20T16:08:05","guid":{"rendered":"https:\/\/all-container.com\/product\/10-standard-sewage-tank\/"},"modified":"2025-06-04T18:48:58","modified_gmt":"2025-06-04T18:48:58","slug":"10-standard-fekalien-tank","status":"publish","type":"product","link":"https:\/\/all-container.com\/de\/product\/10-standard-fekalien-tank\/","title":{"rendered":"10\u2032 Abwassertank f\u00fcr mobile Sanit\u00e4rcontainer"},"content":{"rendered":"\n<p><strong>Technische Daten \u2013 10\u2032 Abwassertank f\u00fcr Sanit\u00e4rcontainer<\/strong><\/p>\n\n\n\n<p><strong>Au\u00dfenma\u00dfe:<\/strong> 2435 \u00d7 2989 \u00d7 700 mm<br><strong>Aufbau:<\/strong><\/p>\n\n\n\n<ul class=\"wp-block-list\">\n<li>Seitenw\u00e4nde: Aus 3 mm starkem Stahlblech f\u00fcr hohe Stabilit\u00e4t<\/li>\n\n\n\n<li>Boden: Verst\u00e4rkt mit 3 mm Stahlblech, robust und langlebig<\/li>\n\n\n\n<li>Deckel: 1,5 mm Stahlblech als Schutzabdeckung<\/li>\n<\/ul>\n\n\n\n<p><strong>Funktion &amp; Ausstattung:<\/strong><\/p>\n\n\n\n<ul class=\"wp-block-list\">\n<li>Mit <strong>2 integrierten Staplertaschen<\/strong> f\u00fcr einfachen Transport<\/li>\n\n\n\n<li>Ecken aus <strong>6 mm Stahl<\/strong>, verschwei\u00dft nach ISO-Container-Norm<\/li>\n\n\n\n<li>Inklusive: <strong>F\u00fcllstandsanzeige<\/strong>, <strong>Entl\u00fcftungsrohr<\/strong>, und <strong>Ablaufrohr<\/strong> mit Dichtkappe<\/li>\n\n\n\n<li><em>Ablassventil nicht im Lieferumfang<\/em> \u2013 kann je nach Vorschrift nachger\u00fcstet werden<\/li>\n<\/ul>\n\n\n\n<p><strong>Optional:<\/strong><\/p>\n\n\n\n<p><strong>Treppenbreite:<\/strong> ca. 1000 mm<\/p>\n\n\n\n<p><strong>Zugangstreppe<\/strong> mit 3 gleichm\u00e4\u00dfigen Stufen und 2 montierbaren Gel\u00e4ndern<\/p>\n","protected":false},"excerpt":{"rendered":"<p>Der 10-Fu\u00df-Abwassertank ist eine <strong>platzsparende und zuverl\u00e4ssige L\u00f6sung<\/strong> zur tempor\u00e4ren Speicherung von Abwasser \u2013 ideal f\u00fcr Baustellen, Veranstaltungen oder abgelegene Einsatzorte ohne Kanalanschluss.<br \/>Mit einem Fassungsverm\u00f6gen von ca. 5.000 Litern erm\u00f6glicht er eine <strong>hygienische und umweltgerechte Entsorgung<\/strong> von Abw\u00e4ssern.<br \/>Dank integrierter Staplertaschen, genormter Anschl\u00fcsse und F\u00fcllstandsanzeige l\u00e4sst sich der Tank <strong>einfach transportieren, schnell installieren und problemlos warten<\/strong>.<br \/>Er wird direkt unter dem Sanit\u00e4rcontainer positioniert und ist somit ein <strong>zentraler Bestandteil<\/strong> mobiler Sanit\u00e4rl\u00f6sungen.<\/p>\n","protected":false},"featured_media":26894,"comment_status":"open","ping_status":"closed","template":"","meta":{"_et_pb_use_builder":"","_et_pb_old_content":"","_et_gb_content_width":""},"product_brand":[],"product_cat":[131,124,136],"product_tag":[],"class_list":{"0":"post-30145","1":"product","2":"type-product","3":"status-publish","4":"has-post-thumbnail","6":"product_cat-abwassertanks","7":"product_cat-container","8":"product_cat-sonderangebote","10":"first","11":"instock","12":"sale","13":"taxable","14":"shipping-taxable","15":"purchasable","16":"product-type-simple"},"_links":{"self":[{"href":"https:\/\/all-container.com\/de\/wp-json\/wp\/v2\/product\/30145","targetHints":{"allow":["GET"]}}],"collection":[{"href":"https:\/\/all-container.com\/de\/wp-json\/wp\/v2\/product"}],"about":[{"href":"https:\/\/all-container.com\/de\/wp-json\/wp\/v2\/types\/product"}],"replies":[{"embeddable":true,"href":"https:\/\/all-container.com\/de\/wp-json\/wp\/v2\/comments?post=30145"}],"wp:featuredmedia":[{"embeddable":true,"href":"https:\/\/all-container.com\/de\/wp-json\/wp\/v2\/media\/26894"}],"wp:attachment":[{"href":"https:\/\/all-container.com\/de\/wp-json\/wp\/v2\/media?parent=30145"}],"wp:term":[{"taxonomy":"product_brand","embeddable":true,"href":"https:\/\/all-container.com\/de\/wp-json\/wp\/v2\/product_brand?post=30145"},{"taxonomy":"product_cat","embeddable":true,"href":"https:\/\/all-container.com\/de\/wp-json\/wp\/v2\/product_cat?post=30145"},{"taxonomy":"product_tag","embeddable":true,"href":"https:\/\/all-container.com\/de\/wp-json\/wp\/v2\/product_tag?post=30145"}],"curies":[{"name":"wp","href":"https:\/\/api.w.org\/{rel}","templated":true}]}}