{"id":30191,"date":"2024-05-20T15:53:16","date_gmt":"2024-05-20T15:53:16","guid":{"rendered":"https:\/\/all-container.com\/product\/24-office-container\/"},"modified":"2025-06-01T20:35:48","modified_gmt":"2025-06-01T20:35:48","slug":"24-office-container","status":"publish","type":"product","link":"https:\/\/all-container.com\/de\/product\/24-office-container\/","title":{"rendered":"24\u2032 Flurmodul-Container"},"content":{"rendered":"\n<p id=\"block-9355c049-fcdd-4c33-9259-0373e1e61465\"><strong>Rahmen<\/strong><\/p>\n\n\n\n<ul class=\"wp-block-list\">\n<li><strong>Material und Beschichtung:<\/strong> Aus Stahlprofilen (S235JR und S355MC, EN 10025-2), beschichtet mit 120 \u00b5m Polyurethanfarbe gem\u00e4\u00df ISO 12944-2, Klasse C3M<\/li>\n\n\n\n<li><strong>Standardfarbe:<\/strong> RAL 9002<\/li>\n\n\n\n<li><strong>Abmessungen:<\/strong> 2435 mm x 7325 mm<\/li>\n<\/ul>\n\n\n\n<p><strong>Boden<\/strong><\/p>\n\n\n\n<ul class=\"wp-block-list\">\n<li><strong>Aufbau:<\/strong> Quertr\u00e4ger aus Stahl, mit verzinktem Stahlblech (0,5 mm, DX51D, EN 10327)<\/li>\n\n\n\n<li><strong>D\u00e4mmung:<\/strong> 100 mm Mineralwolle (\u03bb = 0.040 W\/mK) + 80 \u00b5m PE-Dampfsperre<\/li>\n\n\n\n<li><strong>U-Wert:<\/strong> 0.35 W\/m\u00b2K<\/li>\n\n\n\n<li><strong>Deckschicht:<\/strong> 20 mm wasserfeste Spanplatte (EN 312, P3, E1, D-s2)<\/li>\n<\/ul>\n\n\n\n<p><strong>Decke<\/strong><\/p>\n\n\n\n<ul class=\"wp-block-list\">\n<li><strong>Aufbau:<\/strong> Stahlprofile mit Holzpfetten (500 mm Abstand), verzinktes Dachblech (0,5 mm, DX51D, EN 10327)<\/li>\n\n\n\n<li><strong>D\u00e4mmung:<\/strong> 100 mm Mineralwolle + 150 \u00b5m PE-Dampfsperre<\/li>\n\n\n\n<li><strong>U-Wert:<\/strong> 0.36 W\/m\u00b2K<\/li>\n<\/ul>\n\n\n\n<p><strong>W\u00e4nde<\/strong><\/p>\n\n\n\n<ul class=\"wp-block-list\">\n<li><strong>Paneele:<\/strong> FTVL-Sandwichpaneele, 60 mm Mineralwolle, U-Wert 0.57 W\/m\u00b2K<\/li>\n\n\n\n<li><strong>Normen:<\/strong> A1 Brandschutzklasse (EN 13501-1), EN 13162-konform<\/li>\n<\/ul>\n\n\n\n<p><strong>Fenster<\/strong><\/p>\n\n\n\n<ul class=\"wp-block-list\">\n<li><strong>Profil und Verglasung:<\/strong> 3-Kammer-PVC-Profil, Doppelverglasung (4\/15\/4 mm)<\/li>\n\n\n\n<li><strong>W\u00e4rmeschutz:<\/strong> Ug = 1.1 W\/m\u00b2K, Uw = 1.6 W\/m\u00b2K<\/li>\n\n\n\n<li><strong>Ma\u00dfe:<\/strong> 885 mm x 1372 mm<\/li>\n\n\n\n<li><strong>Merkmale:<\/strong> Vertikal oder horizontal zu \u00f6ffnen, doppelte Dichtung<\/li>\n<\/ul>\n\n\n\n<p><strong>T\u00fcren<\/strong><\/p>\n\n\n\n<p id=\"block-9355c049-fcdd-4c33-9259-0373e1e61465\"><strong>Standardgr\u00f6\u00dfe:<\/strong> 905 mm x 2060 mm<\/p>\n\n\n\n<p><strong>Konstruktion:<\/strong> Aluminiumrahmen mit 40 mm EPS-F\u00fcllung, beidseitig 0,5 mm verzinktes Stahlblech (DX51D, EN 10327)<\/p>\n\n\n\n<p><strong>U-Wert:<\/strong> 1.8 W\/m\u00b2K<\/p>\n\n\n\n<p><strong>Merkmale:<\/strong> Zylinderschloss, Metallgriff, CE-zertifiziert (EN 14351-1)<\/p>\n","protected":false},"excerpt":{"rendered":"<p>Der 24\u2032 Flurmodul-Container bietet eine stabile und modulare L\u00f6sung f\u00fcr die Gestaltung von Durchg\u00e4ngen, Treppenh\u00e4usern oder Verbindungsbereichen in gr\u00f6\u00dferen Containeranlagen. Mit einer Breite, die drei Standard-8\u2032-Containern entspricht, eignet er sich ideal zur Verbesserung des Raumflusses auf Baustellen, bei Veranstaltungen oder anderen tempor\u00e4ren Eins\u00e4tzen.<br \/>Er ist f\u00fcr eine schnelle Montage und einfache Umsetzung konzipiert und sorgt f\u00fcr nahtlose \u00dcberg\u00e4nge zwischen den Modulen bei optimaler Raumnutzung.<\/p>\n","protected":false},"featured_media":26962,"comment_status":"open","ping_status":"closed","template":"","meta":{"_et_pb_use_builder":"","_et_pb_old_content":"","_et_gb_content_width":""},"product_brand":[],"product_cat":[121,124,136],"product_tag":[],"class_list":{"0":"post-30191","1":"product","2":"type-product","3":"status-publish","4":"has-post-thumbnail","6":"product_cat-buero-unterkunft-de","7":"product_cat-container","8":"product_cat-sonderangebote","10":"first","11":"instock","12":"sale","13":"taxable","14":"shipping-taxable","15":"purchasable","16":"product-type-simple"},"_links":{"self":[{"href":"https:\/\/all-container.com\/de\/wp-json\/wp\/v2\/product\/30191","targetHints":{"allow":["GET"]}}],"collection":[{"href":"https:\/\/all-container.com\/de\/wp-json\/wp\/v2\/product"}],"about":[{"href":"https:\/\/all-container.com\/de\/wp-json\/wp\/v2\/types\/product"}],"replies":[{"embeddable":true,"href":"https:\/\/all-container.com\/de\/wp-json\/wp\/v2\/comments?post=30191"}],"wp:featuredmedia":[{"embeddable":true,"href":"https:\/\/all-container.com\/de\/wp-json\/wp\/v2\/media\/26962"}],"wp:attachment":[{"href":"https:\/\/all-container.com\/de\/wp-json\/wp\/v2\/media?parent=30191"}],"wp:term":[{"taxonomy":"product_brand","embeddable":true,"href":"https:\/\/all-container.com\/de\/wp-json\/wp\/v2\/product_brand?post=30191"},{"taxonomy":"product_cat","embeddable":true,"href":"https:\/\/all-container.com\/de\/wp-json\/wp\/v2\/product_cat?post=30191"},{"taxonomy":"product_tag","embeddable":true,"href":"https:\/\/all-container.com\/de\/wp-json\/wp\/v2\/product_tag?post=30191"}],"curies":[{"name":"wp","href":"https:\/\/api.w.org\/{rel}","templated":true}]}}