{"id":30192,"date":"2024-05-20T15:55:07","date_gmt":"2024-05-20T15:55:07","guid":{"rendered":"https:\/\/all-container.com\/product\/20-office-container-with-wc-and-windbreaker\/"},"modified":"2025-06-01T20:31:37","modified_gmt":"2025-06-01T20:31:37","slug":"20-office-container-with-wc-and-windbreaker","status":"publish","type":"product","link":"https:\/\/all-container.com\/de\/product\/20-office-container-with-wc-and-windbreaker\/","title":{"rendered":"20&#8242;-B\u00fcrocontainer mit WC und Windfang"},"content":{"rendered":"\n<p><strong>Rahmen:<\/strong><br>Hergestellt aus Stahlprofilen (S235JR und S355MC, EN 10025-2), beschichtet mit 120 \u03bcm Polyurethanfarbe zum Korrosionsschutz (ISO 12944-2, Klasse C3M).<br>Standardfarbe: RAL 9002.<br><strong>Au\u00dfenma\u00dfe:<\/strong> 2435 mm x 6055 mm.<\/p>\n\n\n\n<p><strong>Fu\u00dfbodenisolierung:<\/strong><br>Bodenrahmen mit Stahlquertr\u00e4gern und glatter, verzinkter Stahlblechunterseite (0,5 mm, DX51D, EN 10327).<br>Mineralwolle-Isolierung (\u03bb = 0,040 W\/mK) mit Polyethylen-Dampfsperre (80 \u03bcm).<br><strong>Deckschicht:<\/strong> 20 mm wasserfeste Spanplatte (EN 312, P3, E1, D-s2).<br><strong>U-Wert:<\/strong> 0,35 W\/m\u00b2K.<\/p>\n\n\n\n<p><strong>Deckenisolierung:<\/strong><br>Stahlprofile mit Holzpfetten im Abstand von 500 mm, verzinktes Dachblech (0,5 mm, DX51D, EN 10327).<br>Mit 100 mm Mineralwolle und 150 \u03bcm Dampfsperre isoliert.<br><strong>U-Wert:<\/strong> 0,36 W\/m\u00b2K.<\/p>\n\n\n\n<p><strong>W\u00e4nde:<\/strong><br>FTVL-Sandwichpaneele, 60 mm Mineralwolle (\u03bb = 0,040 W\/mK), Brandschutzklasse A1 (EN 13501-1), U-Wert: 0,57 W\/m\u00b2K.<br>Gem\u00e4\u00df EN 13162.<\/p>\n\n\n\n<p><strong>Fenster:<\/strong><br>Dreikammer-PVC-Profile mit Doppelverglasung (4\/15\/4 mm), Ug = 1,1 W\/m\u00b2K, Uw = 1,6 W\/m\u00b2K.<br>Standardma\u00df: 885 mm x 1372 mm.<br>Vertikale oder horizontale \u00d6ffnung mit Doppelabdichtung.<\/p>\n\n\n\n<p><strong>T\u00fcren:<\/strong><br>Au\u00dfen- und Innent\u00fcren aus lackierten Aluminiumprofilen, T\u00fcrblatt 40 mm dick, gef\u00fcllt mit EPS, beidseitig verzinktes Stahlblech (0,5 mm, DX51D, EN 10327).<br>Ma\u00dfe: Au\u00dfent\u00fcr 905 mm x 2060 mm, Trennwandt\u00fcr 800 mm x 2050 mm.<br>U-Wert: 1,8 W\/m\u00b2K.<br>Mit Zylinderschloss, Metallgriff, CE-zertifiziert (EN 14351-1).<\/p>\n","protected":false},"excerpt":{"rendered":"<p>Dieser 20-Fu\u00df-B\u00fcrocontainer vereint B\u00fcro- und Sanit\u00e4rbereich in einer kompakten, modularen Einheit. Er verf\u00fcgt \u00fcber eine separate WC-Kabine mit Handwaschbecken, einen praktischen Windfang f\u00fcr mehr Privatsph\u00e4re und W\u00e4rmed\u00e4mmung sowie einen funktionalen B\u00fcroraum. Ideal f\u00fcr Baustellen, Veranstaltungen, Notfallst\u00fctzpunkte oder Betriebserweiterungen \u2013 dieser Container bietet Komfort, Effizienz und Flexibilit\u00e4t.<br \/>Vormontiert oder nicht und sofort einsatzbereit, erm\u00f6glicht er eine schnelle Inbetriebnahme und einfache Umsetzung. Dank seines modularen Aufbaus l\u00e4sst er sich flexibel in gr\u00f6\u00dfere Containerl\u00f6sungen integrieren und an wechselnde Projektanforderungen anpassen.<\/p>\n","protected":false},"featured_media":26952,"comment_status":"open","ping_status":"closed","template":"","meta":{"_et_pb_use_builder":"","_et_pb_old_content":"","_et_gb_content_width":""},"product_brand":[],"product_cat":[121,124,136],"product_tag":[],"class_list":{"0":"post-30192","1":"product","2":"type-product","3":"status-publish","4":"has-post-thumbnail","6":"product_cat-buero-unterkunft-de","7":"product_cat-container","8":"product_cat-sonderangebote","10":"first","11":"instock","12":"sale","13":"taxable","14":"shipping-taxable","15":"purchasable","16":"product-type-simple"},"_links":{"self":[{"href":"https:\/\/all-container.com\/de\/wp-json\/wp\/v2\/product\/30192","targetHints":{"allow":["GET"]}}],"collection":[{"href":"https:\/\/all-container.com\/de\/wp-json\/wp\/v2\/product"}],"about":[{"href":"https:\/\/all-container.com\/de\/wp-json\/wp\/v2\/types\/product"}],"replies":[{"embeddable":true,"href":"https:\/\/all-container.com\/de\/wp-json\/wp\/v2\/comments?post=30192"}],"wp:featuredmedia":[{"embeddable":true,"href":"https:\/\/all-container.com\/de\/wp-json\/wp\/v2\/media\/26952"}],"wp:attachment":[{"href":"https:\/\/all-container.com\/de\/wp-json\/wp\/v2\/media?parent=30192"}],"wp:term":[{"taxonomy":"product_brand","embeddable":true,"href":"https:\/\/all-container.com\/de\/wp-json\/wp\/v2\/product_brand?post=30192"},{"taxonomy":"product_cat","embeddable":true,"href":"https:\/\/all-container.com\/de\/wp-json\/wp\/v2\/product_cat?post=30192"},{"taxonomy":"product_tag","embeddable":true,"href":"https:\/\/all-container.com\/de\/wp-json\/wp\/v2\/product_tag?post=30192"}],"curies":[{"name":"wp","href":"https:\/\/api.w.org\/{rel}","templated":true}]}}