{"id":30193,"date":"2024-05-20T15:55:33","date_gmt":"2024-05-20T15:55:33","guid":{"rendered":"https:\/\/all-container.com\/product\/20-office-container-with-minikitchen\/"},"modified":"2025-06-01T20:37:40","modified_gmt":"2025-06-01T20:37:40","slug":"20-office-container-with-minikitchen","status":"publish","type":"product","link":"https:\/\/all-container.com\/de\/product\/20-office-container-with-minikitchen\/","title":{"rendered":"20&#8242; B\u00fcrocontainer mit Minik\u00fcche"},"content":{"rendered":"\n<p><strong>Technische Spezifikationen \u2013 20\u2032 B\u00fcrocontainer mit Minik\u00fcche<\/strong><\/p>\n\n\n\n<p><strong>\u2705<\/strong><strong> Rahmen<\/strong><\/p>\n\n\n\n<ul class=\"wp-block-list\">\n<li><strong>Material:<\/strong> Hochfeste Stahlprofile (S235JR und S355MC, EN 10025-2)<\/li>\n\n\n\n<li><strong>Beschichtung:<\/strong> Polyurethanlack 120 \u00b5m, ISO 12944-2, Klasse C3M (korrosionsbest\u00e4ndig)<\/li>\n\n\n\n<li><strong>Standardfarbe:<\/strong> RAL 9002<\/li>\n\n\n\n<li><strong>Au\u00dfenma\u00dfe:<\/strong> 2435 mm x 6055 mm<\/li>\n<\/ul>\n\n\n\n<p><strong>\u2705 Boden<\/strong><\/p>\n\n\n\n<ul class=\"wp-block-list\">\n<li><strong>Konstruktion:<\/strong> Stahlquertr\u00e4ger mit verzinkten Stahlblechen (0,5 mm) an der Unterseite<\/li>\n\n\n\n<li><strong>D\u00e4mmung:<\/strong> 100 mm Mineralwolle (\u03bb = 0,040 W\/mK) + Polyethylen-Dampfsperre (80 \u00b5m)<\/li>\n\n\n\n<li><strong>U-Wert:<\/strong> 0,35 W\/m\u00b2K<\/li>\n\n\n\n<li><strong>Deckschicht:<\/strong> 20 mm wasserfeste Spanplatte (EN 312, P3, E1, D-s2)<\/li>\n<\/ul>\n\n\n\n<p><strong>\u2705 Decke<\/strong><\/p>\n\n\n\n<ul class=\"wp-block-list\">\n<li><strong>Konstruktion:<\/strong> Stahlprofile mit Holzpfetten (500 mm Abstand), Flachdach aus verzinktem Stahlblech (0,5 mm, DX51D, EN 10327)<\/li>\n\n\n\n<li><strong>D\u00e4mmung:<\/strong> 100 mm Mineralwolle + Polyethylen-Dampfsperre (150 \u00b5m)<\/li>\n\n\n\n<li><strong>U-Wert:<\/strong> 0,36 W\/m\u00b2K<\/li>\n<\/ul>\n\n\n\n<p><strong>\u2705 W\u00e4nde<\/strong><\/p>\n\n\n\n<ul class=\"wp-block-list\">\n<li><strong>Paneele:<\/strong> Sandwichpaneele mit 60 mm Mineralwolle (\u03bb = 0,040 W\/mK)<\/li>\n\n\n\n<li><strong>U-Wert:<\/strong> 0,57 W\/m\u00b2K<\/li>\n\n\n\n<li><strong>Brandschutzklasse:<\/strong> A1 (EN 13501-1)<\/li>\n\n\n\n<li><strong>Norm:<\/strong> EN 13162<\/li>\n<\/ul>\n\n\n\n<p><strong>\u2705 Fenster<\/strong><\/p>\n\n\n\n<ul class=\"wp-block-list\">\n<li><strong>Profile:<\/strong> Dreikammer-PVC<\/li>\n\n\n\n<li><strong>Verglasung:<\/strong> Doppelverglasung (4\/15\/4 mm) \u2013 Ug = 1,1 W\/m\u00b2K, Uw = 1,6 W\/m\u00b2K<\/li>\n\n\n\n<li><strong>Standardgr\u00f6\u00dfe:<\/strong> 885 mm x 1372 mm<\/li>\n\n\n\n<li><strong>Eigenschaften:<\/strong> Dreh-\/Kipp\u00f6ffnung, doppelte Dichtung f\u00fcr bessere Isolierung<\/li>\n<\/ul>\n\n\n\n<p><strong>\u2705 T\u00fcren<\/strong><\/p>\n\n\n\n<ul class=\"wp-block-list\">\n<li><strong>Material:<\/strong> Aluminiumprofile mit 40 mm EPS-Kern<\/li>\n\n\n\n<li><strong>Stahlbleche:<\/strong> 0,5 mm dick (DX51D, EN 10327)<\/li>\n\n\n\n<li><strong>U-Wert:<\/strong> 1,8 W\/m\u00b2K<\/li>\n\n\n\n<li><strong>Standardgr\u00f6\u00dfe:<\/strong> 905 mm x 2060 mm<\/li>\n\n\n\n<li><strong>Ausstattung:<\/strong> Zylinderschloss, Metallgriff, CE-zertifiziert (EN 14351-1)<\/li>\n<\/ul>\n\n\n\n<p><strong>\u2705 Minik\u00fcche<\/strong><\/p>\n\n\n\n<ul class=\"wp-block-list\">\n<li><strong>Kochfeld:<\/strong> Zwei elektrische Kochplatten<\/li>\n\n\n\n<li><strong>K\u00fchlschrank:<\/strong> Integrierter Minik\u00fchlschrank<\/li>\n\n\n\n<li><strong>Warmwasser:<\/strong> 5L Elektroboiler f\u00fcr das Waschbecken<\/li>\n\n\n\n<li><strong>Zus\u00e4tzliche Steckdosen:<\/strong> 2 zus\u00e4tzliche 230V Steckdosen (IP20) f\u00fcr K\u00fcchenger\u00e4te<\/li>\n<\/ul>\n","protected":false},"excerpt":{"rendered":"<p>Der 20&#8242;-B\u00fcrocontainer mit integrierter Minik\u00fcche ist eine kompakte, modulare Rauml\u00f6sung, die Komfort und Funktionalit\u00e4t vereint. Vollst\u00e4ndig vorgefertigt und sofort einsatzbereit, erm\u00f6glicht er eine schnelle und unkomplizierte Installation.<br \/>Ideal f\u00fcr Baustellen, Veranstaltungen, mobile B\u00fcros oder tempor\u00e4re Einrichtungen \u2013 dieser Container spart Zeit und Ressourcen. Die integrierte K\u00fcchenzeile erm\u00f6glicht die Zubereitung einfacher Mahlzeiten und bietet zus\u00e4tzlichen Komfort f\u00fcr l\u00e4ngere Eins\u00e4tze.<br \/>Dank seiner Mobilit\u00e4t ist der Container flexibel einsetzbar und kann m\u00fchelos an ver\u00e4nderte Projektanforderungen angepasst werden.<\/p>\n","protected":false},"featured_media":26974,"comment_status":"open","ping_status":"closed","template":"","meta":{"_et_pb_use_builder":"","_et_pb_old_content":"","_et_gb_content_width":""},"product_brand":[],"product_cat":[121,124,136],"product_tag":[],"class_list":{"0":"post-30193","1":"product","2":"type-product","3":"status-publish","4":"has-post-thumbnail","6":"product_cat-buero-unterkunft-de","7":"product_cat-container","8":"product_cat-sonderangebote","10":"first","11":"instock","12":"sale","13":"taxable","14":"shipping-taxable","15":"purchasable","16":"product-type-simple"},"_links":{"self":[{"href":"https:\/\/all-container.com\/de\/wp-json\/wp\/v2\/product\/30193","targetHints":{"allow":["GET"]}}],"collection":[{"href":"https:\/\/all-container.com\/de\/wp-json\/wp\/v2\/product"}],"about":[{"href":"https:\/\/all-container.com\/de\/wp-json\/wp\/v2\/types\/product"}],"replies":[{"embeddable":true,"href":"https:\/\/all-container.com\/de\/wp-json\/wp\/v2\/comments?post=30193"}],"wp:featuredmedia":[{"embeddable":true,"href":"https:\/\/all-container.com\/de\/wp-json\/wp\/v2\/media\/26974"}],"wp:attachment":[{"href":"https:\/\/all-container.com\/de\/wp-json\/wp\/v2\/media?parent=30193"}],"wp:term":[{"taxonomy":"product_brand","embeddable":true,"href":"https:\/\/all-container.com\/de\/wp-json\/wp\/v2\/product_brand?post=30193"},{"taxonomy":"product_cat","embeddable":true,"href":"https:\/\/all-container.com\/de\/wp-json\/wp\/v2\/product_cat?post=30193"},{"taxonomy":"product_tag","embeddable":true,"href":"https:\/\/all-container.com\/de\/wp-json\/wp\/v2\/product_tag?post=30193"}],"curies":[{"name":"wp","href":"https:\/\/api.w.org\/{rel}","templated":true}]}}